
{"id":3087,"date":"2021-12-20T12:59:33","date_gmt":"2021-12-20T10:59:33","guid":{"rendered":"https:\/\/senetrural.com\/?page_id=3087"},"modified":"2025-08-11T09:35:05","modified_gmt":"2025-08-11T08:35:05","slug":"excursiones","status":"publish","type":"page","link":"https:\/\/senetrural.com\/ca\/excursiones\/","title":{"rendered":"Excursions"},"content":{"rendered":"<h1 data-elementor-setting-key=\"title\" data-pen-placeholder=\"Escriviu aqu\u00ed...\" style=\"font-size: 36px; line-height: 1.1em;\">Excursions des del poble de Senet<\/h1>\n<p>Des del mateix poble de Senet i prenent el cotxe hi ha una gran quantitat d'excursions d'alta i mitja muntanya, bones <strong>pistes d'esqu\u00ed<\/strong>, <strong>esport d'aventura<\/strong>, les famoses<strong> esgl\u00e9sies rom\u00e0niques<\/strong> del Pirineu, els encantadors pobles de la <strong>Vall d&#8217;Aran<\/strong> i el conegut <strong>Parc Nacional d&#8217;Aig\u00fcestortes i Sant Maurici<\/strong>.<\/p>\n<p>Llegenda de dificultat<\/p>\n<p>\t\t\t\t\t<a href=\"#\"><br \/>\n\t\t\t\t\t\t\t\t\tF\u00e0cil<br \/>\n\t\t\t\t\t<\/a><br \/>\n\t\t\t\t\t<a href=\"#\"><br \/>\n\t\t\t\t\t\t\t\t\tModerat<br \/>\n\t\t\t\t\t<\/a><br \/>\n\t\t\t\t\t<a href=\"#\"><br \/>\n\t\t\t\t\t\t\t\t\tDif\u00edcil<br \/>\n\t\t\t\t\t<\/a><\/p>\n<p>Podr\u00e0s veure les nostres excursions preferides al nostre&nbsp; <b><u><a href=\"https:\/\/www.instagram.com\/senetrural\/\">@senetrural<\/a><\/u><\/b>&nbsp;<\/p>\n<p>\t\t\t\t\t<a href=\"https:\/\/www.instagram.com\/senetrural\/\" target=\"_blank\"><br \/>\n\t\t\t\t\t\tInstagram<br \/>\n\t\t\t\t\t\t\t\t\t\t\t<\/a><br \/>\n\t\t\t\t\t<a href=\"http:\/\/www.turismealtaribagorca.cat\/es\/activitat\/vilaller\/ruta-de-la-fauna-de-senet\" target=\"_blank\"><br \/>\n\t\t\t\t\t\t\t\t\tRuta de la Fauna<br \/>\n\t\t\t\t\t<\/a><br \/>\n\t\t\t\t\t<a href=\"https:\/\/es.wikiloc.com\/rutas-senderismo\/lleida-senet-lesbornada-el-salto-5353683\" target=\"_blank\"><br \/>\n\t\t\t\t\t\t\t\t\tEl Salto<br \/>\n\t\t\t\t\t<\/a><br \/>\n\t\t\t\t\t<a href=\"https:\/\/senderosturisticos.turismodearagon.com\/uploads\/docs\/GR-17_VILALLER.pdf\" target=\"_blank\"><br \/>\n\t\t\t\t\t\t\t\t\tCamino de Santiago<br \/>\n\t\t\t\t\t<\/a><br \/>\n\t\t\t\t\t<a href=\"https:\/\/es.wikiloc.com\/rutas-senderismo\/cap-de-gelada-5625275\" target=\"_blank\"><br \/>\n\t\t\t\t\t\t\t\t\tPic de Gelada<br \/>\n\t\t\t\t\t<\/a><br \/>\n\t\t\t\t\t<a href=\"https:\/\/es.wikiloc.com\/rutas-senderismo\/lac-de-rius-desde-el-refugi-de-conangles-8346072\" target=\"_blank\"><br \/>\n\t\t\t\t\t\t\t\t\tLlacs de Rius i Mar<br \/>\n\t\t\t\t\t<\/a><br \/>\n\t\t\t\t\t<a role=\"button\"><br \/>\n\t\t\t\t\t\t\t\t\tPics de Mulleres<br \/>\n\t\t\t\t\t<\/a><br \/>\n\t\t\t\t\t<a href=\"https:\/\/es.wikiloc.com\/rutas-alpinismo\/besiberri-norte-3-014-m-11334591\" target=\"_blank\"><br \/>\n\t\t\t\t\t\t\t\t\tPic del Besiberri (Nord)<br \/>\n\t\t\t\t\t<\/a><br \/>\n\t\t\t\t\t<a href=\"https:\/\/es.wikiloc.com\/rutas-senderismo\/circular-llac-de-rius-collet-de-rius-i-estany-rodo-vall-de-conangles-lac-redon-des-despitau-de-viel-51956989\" target=\"_blank\"><br \/>\n\t\t\t\t\t\t\t\t\tLlac de Rius i Estany Rod\u00f3<br \/>\n\t\t\t\t\t<\/a><br \/>\n\t\t\t\t\t<a href=\"https:\/\/es.wikiloc.com\/rutas-alpinismo\/besiberri-sur-12230051\" target=\"_blank\"><br \/>\n\t\t\t\t\t\t\t\t\tPic del Besiberri (Sud)<br \/>\n\t\t\t\t\t<\/a><br \/>\n\t\t\t\t\t<a href=\"https:\/\/es.wikiloc.com\/rutas-senderismo\/riueno-cap-de-llauset-llauset-anglios-salenques-30516539\" target=\"_blank\"><br \/>\n\t\t\t\t\t\t\t\t\tVall de Riueno fins a Cap de Llauset, refugi d\u2019Angli\u00f3s i Salenques)<br \/>\n\t\t\t\t\t<\/a><br \/>\n\t\t\t\t\t<a href=\"https:\/\/es.wikiloc.com\/rutas-esqui-de-montana\/pico-montarto-6514247\" target=\"_blank\"><br \/>\n\t\t\t\t\t\t\t\t\tPic del Montarto<br \/>\n\t\t\t\t\t<\/a><br \/>\n\t\t\t\t\t<a href=\"https:\/\/es.wikiloc.com\/rutas-alpinismo\/picos-vallibierna-circular-1769613\" target=\"_blank\"><br \/>\n\t\t\t\t\t\t\t\t\tPio del Vallibierna<br \/>\n\t\t\t\t\t<\/a><br \/>\n\t\t\t\t\t<a href=\"https:\/\/es.wikiloc.com\/rutas-alpinismo\/pico-aneto-3-404-m-desde-refugio-la-renclusa-el-aneto-pirineo-aragones-7155265\" target=\"_blank\"><br \/>\n\t\t\t\t\t\t\t\t\tPic de Aneto<br \/>\n\t\t\t\t\t<\/a><\/p>\n<h3>Els nostres apartaments<\/h3>\n<h2>Vallibierna<\/h2>\n<p>\t\t\t\t\t\t130\u20ac Per Dia | 4 M\u00e0x Persones | 2 Habitacions<br \/>\n\t\t\t\t\t\t\t\t\t\t\t\t<a href=\"https:\/\/senetrural.com\/ca\/accommodation\/vallibierna\/\" ><br \/>\n\t\t\t\t\t\t\tVeure m\u00e9s<br \/>\n\t\t\t\t\t\t<\/a><\/p>\n<h2>Aneto<\/h2>\n<p>\t\t\t\t\t\t130\u20ac Per Dia | 4 M\u00e0x Persones | 2 Habitacions<br \/>\n\t\t\t\t\t\t\t\t\t\t\t\t<a href=\"https:\/\/senetrural.com\/ca\/accommodation\/aneto\/\" ><br \/>\n\t\t\t\t\t\t\tVeure m\u00e9s<br \/>\n\t\t\t\t\t\t<\/a><\/p>\n<h2>Besiberri<\/h2>\n<p>\t\t\t\t\t\t125\u20ac Per Dia | 4 M\u00e0x Persones | 2 Habitacions<br \/>\n\t\t\t\t\t\t\t\t\t\t\t\t<a href=\"https:\/\/senetrural.com\/ca\/accommodation\/besiberri\/\" ><br \/>\n\t\t\t\t\t\t\tVeure m\u00e9s<br \/>\n\t\t\t\t\t\t<\/a><\/p>\n<h2>Mulleres<\/h2>\n<p>\t\t\t\t\t\t95\u20ac Per Dia | 2 M\u00e0x Persones | 1 Habitacions<br \/>\n\t\t\t\t\t\t\t\t\t\t\t\t<a href=\"https:\/\/senetrural.com\/ca\/accommodation\/mulleres\/\" ><br \/>\n\t\t\t\t\t\t\tVeure m\u00e9s<br \/>\n\t\t\t\t\t\t<\/a><\/p>\n<h2>Baserca<\/h2>\n<p>\t\t\t\t\t\t130\u20ac Per Dia | 4 M\u00e0x Persones | 2 Habitacions<br \/>\n\t\t\t\t\t\t\t\t\t\t\t\t<a href=\"https:\/\/senetrural.com\/ca\/accommodation\/baserca\/\" ><br \/>\n\t\t\t\t\t\t\tVeure m\u00e9s<br \/>\n\t\t\t\t\t\t<\/a><\/p>\n<h2>Montarto<\/h2>\n<p>\t\t\t\t\t\t85\u20ac Per Dia | 2 M\u00e0x Persones | 1 Habitacions<br \/>\n\t\t\t\t\t\t\t\t\t\t\t\t<a href=\"https:\/\/senetrural.com\/ca\/accommodation\/baserca\/\" ><br \/>\n\t\t\t\t\t\t\tVeure m\u00e9s<br \/>\n\t\t\t\t\t\t<\/a><\/p>","protected":false},"excerpt":{"rendered":"<p>Excursiones desde el pueblo de Senet Desde el mismo pueblo de Senet y tomando el coche existen una gran cantidad de excursiones de alta y media monta\u00f1a, buenas pistas de esqu\u00ed, deportes de aventura, las famosas iglesias rom\u00e1nicas del Pirineo, [&hellip;]<\/p>\n","protected":false},"author":1,"featured_media":0,"parent":0,"menu_order":0,"comment_status":"closed","ping_status":"closed","template":"","meta":{"footnotes":""},"class_list":["post-3087","page","type-page","status-publish","hentry"],"_links":{"self":[{"href":"https:\/\/senetrural.com\/ca\/wp-json\/wp\/v2\/pages\/3087","targetHints":{"allow":["GET"]}}],"collection":[{"href":"https:\/\/senetrural.com\/ca\/wp-json\/wp\/v2\/pages"}],"about":[{"href":"https:\/\/senetrural.com\/ca\/wp-json\/wp\/v2\/types\/page"}],"author":[{"embeddable":true,"href":"https:\/\/senetrural.com\/ca\/wp-json\/wp\/v2\/users\/1"}],"replies":[{"embeddable":true,"href":"https:\/\/senetrural.com\/ca\/wp-json\/wp\/v2\/comments?post=3087"}],"version-history":[{"count":113,"href":"https:\/\/senetrural.com\/ca\/wp-json\/wp\/v2\/pages\/3087\/revisions"}],"predecessor-version":[{"id":9580,"href":"https:\/\/senetrural.com\/ca\/wp-json\/wp\/v2\/pages\/3087\/revisions\/9580"}],"wp:attachment":[{"href":"https:\/\/senetrural.com\/ca\/wp-json\/wp\/v2\/media?parent=3087"}],"curies":[{"name":"wp","href":"https:\/\/api.w.org\/{rel}","templated":true}]}}