
{"id":3224,"date":"2022-01-05T18:04:34","date_gmt":"2022-01-05T16:04:34","guid":{"rendered":"https:\/\/senetrural.com\/?page_id=3224"},"modified":"2025-08-11T10:40:23","modified_gmt":"2025-08-11T09:40:23","slug":"turismo-rural-aneto","status":"publish","type":"page","link":"https:\/\/senetrural.com\/ca\/turismo-rural-aneto\/","title":{"rendered":"Turisme Rural"},"content":{"rendered":"<h2>Turisme Rural<\/h2>\n<p>\t\t\t\t\t<a href=\"http:\/\/www.turismealtaribagorca.cat\/sites\/default\/files\/fulleto_del_conjunto_romanico_de_la_vall_de_boi_castellano.pdf\" target=\"_blank\"><br \/>\n\t\t\t\t\t\t\t\t\tExplora la Vall de Bo\u00ed<br \/>\n\t\t\t\t\t<\/a><br \/>\n\t\t\t\t\t\t\t\t\t\t\t\t\t\t\t<img decoding=\"async\" data-src=\"http:\/\/senetrural.com\/wp-content\/uploads\/elementor\/thumbs\/valle-de-boi-capillas-lerida-phseu0oruze962kdlkiou0imr5738pjpd32lu2w808.jpg\" title=\"valle-de-boi-capillas-lerida\" alt=\"foto de: www.sitiosdeespana.es\/que-ver-en-lerida\" src=\"data:image\/svg+xml;base64,PHN2ZyB3aWR0aD0iMSIgaGVpZ2h0PSIxIiB4bWxucz0iaHR0cDovL3d3dy53My5vcmcvMjAwMC9zdmciPjwvc3ZnPg==\" class=\"lazyload\" style=\"--smush-placeholder-width: 700px; --smush-placeholder-aspect-ratio: 700\/500;\" \/><br \/>\n\t\t\t\t\t<i>Imagen de: www.sitiosdeespana.es\/que-ver-en-lerida<\/i>\t\t\t\t<\/p>\n<h2>La Vall de Bo\u00ed<\/h2>\n<p><p dir=\"ltr\" style=\"line-height:2.1599999999999997;text-align: justify;margin-top:0pt;margin-bottom:0pt\">A unos 30&#8242; desde Senet, en coche, encontramos la Vall de Bo\u00ed, declarada Patrimonio Mundial por la UNESCO en 2000.<br \/>\nEl Centre Rom\u00e0nic de la Vall \u00e9s l'entitat encarregada de gestionar tot aquest conjunt rom\u00e0nic. L'obertura al p\u00fablic de les esgl\u00e9sies, el servei de visites guiades i l'atenci\u00f3 als visitants s\u00f3n les principals funcions del Centre.<br \/>\nLes esgl\u00e9sies obertes al p\u00fablic s\u00f3n les seg\u00fcents: Sant Climent de Ta\u00fcll, Santa Maria de Ta\u00fcll, Sant Joan de Bo\u00ed, Santa Eul\u00e0lia d'Erill la Vall, Sant Feliu de Barruera, Nativitat de Durro i Santa Maria de Cardet.<br \/>\nRecomanem consultar horaris al Centre del Rom\u00e0nic de la Vall de Bo\u00ed.<\/p>\n<p dir=\"ltr\" style=\"line-height:2.1599999999999997;text-align: justify;margin-top:0pt;margin-bottom:0pt\">C\/ del Batall\u00f3n, 5<br \/>\n<font face=\"Arial\">Tel. 973 696 715<br \/>\n<\/font>www.centreromanic.com<br \/>\ninfo@centreromanic.com<\/p>\n<\/p>\n<p>\t\t\t\t\t<a href=\"https:\/\/vallboi.cat\/es\/entrada-per-aiguestortes\" target=\"_blank\"><br \/>\n\t\t\t\t\t\t\t\t\tExplora el Parc d&#8217;Aig\u00fcestortes<br \/>\n\t\t\t\t\t<\/a><br \/>\n\t\t\t\t\t\t\t\t\t\t\t\t\t\t\t<img decoding=\"async\" data-src=\"http:\/\/senetrural.com\/wp-content\/uploads\/2021\/12\/ruta_aiguestortes.jpg\" title=\"ruta_aig\u00fcestortes\" alt=\"ruta_aig\u00fcestortes\" src=\"data:image\/svg+xml;base64,PHN2ZyB3aWR0aD0iMSIgaGVpZ2h0PSIxIiB4bWxucz0iaHR0cDovL3d3dy53My5vcmcvMjAwMC9zdmciPjwvc3ZnPg==\" class=\"lazyload\" style=\"--smush-placeholder-width: 750px; --smush-placeholder-aspect-ratio: 750\/750;\" \/><br \/>\n\t\t\t\t\t<i>Imagen de: <\/i><i>www.joanvendrell.com<\/i>\t\t\t\t<\/p>\n<h2>Parc Nacional d&#8217;Aig\u00fcestortes i l&#8217;estany de Sant Maurici<\/h2>\n<p><p dir=\"ltr\" style=\"line-height:2.1599999999999997;text-align: justify;margin-top:0pt;margin-bottom:0pt\">A 30&#8242; del pueblo en coche llegamos al aparcamiento de La Fragua, desde el cual se puede subir hasta llegar al famoso Parque Nacional de Aig\u00fcestortes y Esta\u00f1o de San Mauricio.<br \/>\nCreat el 21 d'octubre del 1955, \u00e9s un dels espais naturals inclosos a la Xarxa de Parcs Nacionals d'Espanya i l'\u00fanic d'aquesta categoria a Catalunya.<br \/>\nDins la seva superf\u00edcie de gaireb\u00e9 40.000 hect\u00e0rees, hi trobem molt representats tots els elements caracter\u00edstics de l'alta muntanya. D'aquesta extensi\u00f3, 14.119 hect\u00e0rees corresponen estrictament al Parc Nacional, que est\u00e0 dividit en dos sectors molt diferenciats: Aig\u00fcestortes a l'alta Ribagor\u00e7a, accessible des de la Vall de Bo\u00ed i Sant Maurici al Pallars Sobir\u00e0, que t\u00e9 entrada per la vall d'Espot.<br \/>\nSi voleu obtenir m\u00e9s informaci\u00f3 del Parc Nacional d'Aig\u00fcestortes o b\u00e9 consultar les diferents activitats que us proposeu us podeu adre\u00e7ar a la Casa del Parc de Bo\u00ed o al Centre d'Informaci\u00f3 de Senet.<\/p>\n<p><\/p>\n<p dir=\"ltr\" style=\"line-height:2.1599999999999997;text-align: justify;margin-top:0pt;margin-bottom:0pt\">Informaci\u00f3 a:<br \/>\nCasa del Parque Nacional en Bo\u00ed<br \/>\nCan de Simamet- C\/ de las Graieres, 2 25528 Bo\u00ed<br \/>\nTel. 973 696 189<br \/>\nCentro de Informaci\u00f3n del Parque Nacional \u201cLa Serrer\u00eda\u201d-Senet<br \/>\nLa Serrer\u00eda &#8211; C\/ del Puerto, 10 25553 Senet<br \/>\nTel. 973 698 232<\/p>\n<\/p>\n<p>\t\t\t\t\t<a href=\"https:\/\/www.visitvaldaran.com\/\" target=\"_blank\"><br \/>\n\t\t\t\t\t\t\t\t\tExplora la Vall d&#8217;Aran<br \/>\n\t\t\t\t\t<\/a><br \/>\n\t\t\t\t\t\t\t\t\t\t\t\t\t\t\t<img decoding=\"async\" data-src=\"http:\/\/senetrural.com\/wp-content\/uploads\/elementor\/thumbs\/la-valle-de-aran-phsgrkqtlmkze2uirhjwa8ykhxgialq9qe0g9aphh4.jpg\" title=\"la valle de aran\" alt=\"la valle de aran\" src=\"data:image\/svg+xml;base64,PHN2ZyB3aWR0aD0iMSIgaGVpZ2h0PSIxIiB4bWxucz0iaHR0cDovL3d3dy53My5vcmcvMjAwMC9zdmciPjwvc3ZnPg==\" class=\"lazyload\" style=\"--smush-placeholder-width: 700px; --smush-placeholder-aspect-ratio: 700\/300;\" \/><br \/>\n\t\t\t\t\t<i>Imagen de: <\/i><i>www.conselharan.org\/<\/i>\t\t\t\t<\/p>\n<h2>La Vall d&#8217;Aran <\/h2>\n<p><p dir=\"ltr\" style=\"line-height:2.1599999999999997;text-align: justify;margin-top:0pt;margin-bottom:0pt\">Visita por Vielha, la capital de la Vall d&#8217;Aran.<br \/>\nEn aquest poble hi trobem el Palau de Gel, el Museu de Llana i Museu de la Vall. Tamb\u00e9 hi ha el conegut i encantador passeig per Artiga de Lin; una excursi\u00f3 molt curta i circular que passa per les fonts del riu Jo\u00e8u. Alguns pobles de la vall amb encant per visitar s\u00f3n Bossost, Salard\u00fa, Bagergue, Baus\u00e9n, Las i Arties.<\/p>\n<\/p>\n<p>\t\t\t\t\t<a href=\"https:\/\/www.benasque.com\/es\" target=\"_blank\"><br \/>\n\t\t\t\t\t\t\t\t\tExplora la Valle de Benasque<br \/>\n\t\t\t\t\t<\/a><br \/>\n\t\t\t\t\t\t\t\t\t\t\t\t\t\t\t<img decoding=\"async\" data-src=\"http:\/\/senetrural.com\/wp-content\/uploads\/elementor\/thumbs\/Valle_Benasque_Macizo_Perdiguero-phsh26daod3ebrg6v2ifeknpod7j3ptaiuvl3mznaw.jpg\" title=\"Valle_Benasque_Macizo_Perdiguero\" alt=\"Valle_Benasque_Macizo_Perdiguero\" src=\"data:image\/svg+xml;base64,PHN2ZyB3aWR0aD0iMSIgaGVpZ2h0PSIxIiB4bWxucz0iaHR0cDovL3d3dy53My5vcmcvMjAwMC9zdmciPjwvc3ZnPg==\" class=\"lazyload\" style=\"--smush-placeholder-width: 700px; --smush-placeholder-aspect-ratio: 700\/300;\" \/><br \/>\n\t\t\t\t\t<i>Imagen de: <\/i><i>www.portal.beroni.net\/\/<\/i>\t\t\t\t<\/p>\n<h2>El Valle de Benasque<\/h2>\n<p><p dir=\"ltr\" style=\"line-height:2.1599999999999997;text-align: justify;margin-top:0pt;margin-bottom:0pt\">Una mica m\u00e9s lluny, a una hora del poble de Senet trobem la Vall de Benasc, situada a la prov\u00edncia d'Osca, Arag\u00f3. All\u00e0 podreu visitar pobles del Pirineu Aragon\u00e8s i tamb\u00e9 hi trobareu moltes excursions de muntanya mitjana i alta, i les pistes d'esqu\u00ed de Cerler.<\/p>\n<\/p>\n<h3>Els nostres apartaments<\/h3>\n<h2>Vallibierna<\/h2>\n<p>\t\t\t\t\t\t130\u20ac Per Dia | 4 M\u00e0x Persones | 2 Habitacions<br \/>\n\t\t\t\t\t\t\t\t\t\t\t\t<a href=\"https:\/\/senetrural.com\/ca\/accommodation\/vallibierna\/\" ><br \/>\n\t\t\t\t\t\t\tVeure m\u00e9s<br \/>\n\t\t\t\t\t\t<\/a><\/p>\n<h2>Aneto<\/h2>\n<p>\t\t\t\t\t\t130\u20ac Per Dia | 4 M\u00e0x Persones | 2 Habitacions<br \/>\n\t\t\t\t\t\t\t\t\t\t\t\t<a href=\"https:\/\/senetrural.com\/ca\/accommodation\/aneto\/\" ><br \/>\n\t\t\t\t\t\t\tVeure m\u00e9s<br \/>\n\t\t\t\t\t\t<\/a><\/p>\n<h2>Besiberri<\/h2>\n<p>\t\t\t\t\t\t125\u20ac Per Dia | 4 M\u00e0x Persones | 2 Habitacions<br \/>\n\t\t\t\t\t\t\t\t\t\t\t\t<a href=\"https:\/\/senetrural.com\/ca\/accommodation\/besiberri\/\" ><br \/>\n\t\t\t\t\t\t\tVeure m\u00e9s<br \/>\n\t\t\t\t\t\t<\/a><\/p>\n<h2>Mulleres<\/h2>\n<p>\t\t\t\t\t\t95\u20ac Per Dia | 2 M\u00e0x Persones | 1 Habitacions<br \/>\n\t\t\t\t\t\t\t\t\t\t\t\t<a href=\"https:\/\/senetrural.com\/ca\/accommodation\/mulleres\/\" ><br \/>\n\t\t\t\t\t\t\tVeure m\u00e9s<br \/>\n\t\t\t\t\t\t<\/a><\/p>\n<h2>Baserca<\/h2>\n<p>\t\t\t\t\t\t130\u20ac Per Dia | 4 M\u00e0x Persones | 2 Habitacions<br \/>\n\t\t\t\t\t\t\t\t\t\t\t\t<a href=\"https:\/\/senetrural.com\/ca\/accommodation\/baserca\/\" ><br \/>\n\t\t\t\t\t\t\tVeure m\u00e9s<br \/>\n\t\t\t\t\t\t<\/a><\/p>\n<h2>Montarto<\/h2>\n<p>\t\t\t\t\t\t85\u20ac Per Dia | 2 M\u00e0x Persones | 1 Habitacions<br \/>\n\t\t\t\t\t\t\t\t\t\t\t\t<a href=\"https:\/\/senetrural.com\/ca\/accommodation\/baserca\/\" ><br \/>\n\t\t\t\t\t\t\tVeure m\u00e9s<br \/>\n\t\t\t\t\t\t<\/a><\/p>","protected":false},"excerpt":{"rendered":"<p>Turismo Rural Explora la Vall de Bo\u00ed Imagen de: www.sitiosdeespana.es\/que-ver-en-lerida La Vall de Bo\u00ed A unos 30&#8242; desde Senet, en coche, encontramos la Vall de Bo\u00ed, declarada Patrimonio Mundial por la UNESCO en 2000. El Centro Rom\u00e1nico del Valle es [&hellip;]<\/p>\n","protected":false},"author":1,"featured_media":0,"parent":0,"menu_order":0,"comment_status":"closed","ping_status":"closed","template":"","meta":{"footnotes":""},"class_list":["post-3224","page","type-page","status-publish","hentry"],"_links":{"self":[{"href":"https:\/\/senetrural.com\/ca\/wp-json\/wp\/v2\/pages\/3224","targetHints":{"allow":["GET"]}}],"collection":[{"href":"https:\/\/senetrural.com\/ca\/wp-json\/wp\/v2\/pages"}],"about":[{"href":"https:\/\/senetrural.com\/ca\/wp-json\/wp\/v2\/types\/page"}],"author":[{"embeddable":true,"href":"https:\/\/senetrural.com\/ca\/wp-json\/wp\/v2\/users\/1"}],"replies":[{"embeddable":true,"href":"https:\/\/senetrural.com\/ca\/wp-json\/wp\/v2\/comments?post=3224"}],"version-history":[{"count":65,"href":"https:\/\/senetrural.com\/ca\/wp-json\/wp\/v2\/pages\/3224\/revisions"}],"predecessor-version":[{"id":9594,"href":"https:\/\/senetrural.com\/ca\/wp-json\/wp\/v2\/pages\/3224\/revisions\/9594"}],"wp:attachment":[{"href":"https:\/\/senetrural.com\/ca\/wp-json\/wp\/v2\/media?parent=3224"}],"curies":[{"name":"wp","href":"https:\/\/api.w.org\/{rel}","templated":true}]}}