
{"id":4140,"date":"2022-07-04T10:30:40","date_gmt":"2022-07-04T08:30:40","guid":{"rendered":"https:\/\/senetrural.com\/?page_id=4140"},"modified":"2022-07-04T10:32:53","modified_gmt":"2022-07-04T08:32:53","slug":"politica-de-cookies","status":"publish","type":"page","link":"https:\/\/senetrural.com\/ca\/politica-de-cookies\/","title":{"rendered":"Pol\u00edtica de cookies"},"content":{"rendered":"<div>En cumplimiento con lo dispuesto en el art\u00edculo 22.2 de la Ley 34\/2002, de 11 de julio, de Servicios de la Sociedad de la Informaci\u00f3n y de Comercio Electr\u00f3nico, el Titular le informa que este sitio Web utiliza cookies, as\u00ed como sobre su pol\u00edtica de recogida y el tratamiento que hace de las mismas.<\/div>\n<div><\/div>\n<h2>Qu\u00e9 son las cookies<\/h2>\n<div>Una cookie es un fichero que se descarga en su ordenador al entrar a determinadas p\u00e1ginas web. Las cookies permiten a una p\u00e1gina web, entre otras cosas, almacenar y recuperar informaci\u00f3n sobre sus h\u00e1bitos de navegaci\u00f3n y \u2014dependiendo de la informaci\u00f3n que contengan y de la forma en que utilice su equipo\u2014 pueden utilizarse para identificarle.<\/div>\n<div><\/div>\n<h2>Tipos de cookies utilizadas<\/h2>\n<div>El sitio Web\u00a0<a href=\"https:\/\/abellerolrural.com\/\" target=\"_blank\" rel=\"noopener\" data-saferedirecturl=\"https:\/\/www.google.com\/url?q=https:\/\/abellerolrural.com\/&amp;source=gmail&amp;ust=1657005590882000&amp;usg=AOvVaw0vLLnO9BijnM5TMwPE6KL5\">https:\/\/senetrural.com<\/a>\u00a0<wbr \/>utiliza los siguientes tipos de cookies:<\/div>\n<div><\/div>\n<ul>\n<li><strong>Cookies de an\u00e1lisis:<\/strong>\u00a0Son aquellas que, bien tratadas por el sitio Web o por terceros, permiten cuantificar el n\u00famero de usuarios y as\u00ed realizar la medici\u00f3n y an\u00e1lisis estad\u00edstico de la utilizaci\u00f3n que hacen los usuarios del sitio Web. Para ello se analiza la navegaci\u00f3n que realizas en este sitio Web con el fin de mejorarlo.<\/li>\n<li><strong>Cookies t\u00e9cnicas:<\/strong>\u00a0Son aquellas tratadas por el sitio Web que permiten a los usuarios registrados navegar a trav\u00e9s del \u00e1rea restringida y a utilizar sus diferentes funciones, como por ejemplo, llevar a cabo el proceso de compra de un Producto o Servicio.<br \/>\nAlgunas cookies son esenciales para el funcionamiento del sitio Web, por ejemplo, el sistema de comentarios o el buscador.<\/li>\n<li><strong>Cookies de personalizaci\u00f3n:<\/strong>\u00a0Son aquellas que permiten a los usuarios acceder al Servicio con algunas caracter\u00edsticas de car\u00e1cter general predefinidas en funci\u00f3n de una serie de criterios establecidos por el usuario como, por ejemplo, el idioma o el tipo de navegador a trav\u00e9s del cual se conecta a este sitio Web.<\/li>\n<\/ul>\n<h2>Desactivar las cookies<\/h2>\n<div>Usted puede aceptar, bloquear o eliminar las cookies instaladas en su equipo mediante la configuraci\u00f3n de las opciones del navegador.<\/div>\n<div><\/div>\n<div>En los siguientes enlaces encontrar\u00e1 instrucciones para habilitar o deshabilitar las cookies en los navegadores m\u00e1s comunes.<\/div>\n<div><\/div>\n<ul>\n<li><strong>Firefox<\/strong>\u00a0<a href=\"http:\/\/support.mozilla.org\/es\/kb\/habilitar-y-deshabilitar-cookies-que-los-sitios-we\" target=\"_blank\" rel=\"noopener\" data-saferedirecturl=\"https:\/\/www.google.com\/url?q=http:\/\/support.mozilla.org\/es\/kb\/habilitar-y-deshabilitar-cookies-que-los-sitios-we&amp;source=gmail&amp;ust=1657005590882000&amp;usg=AOvVaw2UTgiASxt6u0rFEo8Cf3oS\">http:\/\/support.<wbr \/>mozilla.org\/es\/kb\/habilitar-y-<wbr \/>deshabilitar-cookies-que-los-<wbr \/>sitios-we<\/a><\/li>\n<li><strong>Safari<\/strong>\u00a0<a href=\"http:\/\/support.apple.com\/kb\/HT1677?viewlocale=es_ES\" target=\"_blank\" rel=\"noopener\" data-saferedirecturl=\"https:\/\/www.google.com\/url?q=http:\/\/support.apple.com\/kb\/HT1677?viewlocale%3Des_ES&amp;source=gmail&amp;ust=1657005590882000&amp;usg=AOvVaw199LD-dvNUbDmiMOEQTjk3\">http:\/\/support.apple.<wbr \/>com\/kb\/HT1677?viewlocale=es_ES<\/a><\/li>\n<li><strong>Google Chrome<\/strong>\u00a0<a href=\"https:\/\/support.google.com\/chrome\/answer\/95647?hl=es\" target=\"_blank\" rel=\"noopener\" data-saferedirecturl=\"https:\/\/www.google.com\/url?q=https:\/\/support.google.com\/chrome\/answer\/95647?hl%3Des&amp;source=gmail&amp;ust=1657005590882000&amp;usg=AOvVaw2rYtfJV5zp7r2XPqOmLMUX\">https:\/\/support.google.<wbr \/>com\/chrome\/answer\/95647?hl=es<\/a><\/li>\n<\/ul>\n<h2>Cookies de terceros<\/h2>\n<div>El sitio Web utiliza los servicios de Google Adsense y de Google Analytics que pueden instalar cookies que sirven para obtener estad\u00edsticas y datos publicitarios.<\/div>\n<div><\/div>\n<div>El sitio Web incluye otras funcionalidades proporcionadas por las redes sociales y que pueden instalar cookies. Usted puede compartir el contenido en tus redes sociales como Facebook, Twitter, Google +, Instagram o YouTube con los botones incluidos a tal efecto o con las herramientas para compartir propias de las redes sociales.<\/div>\n<div><\/div>\n<h2>Advertencia sobre eliminar cookies<\/h2>\n<div>Usted puede eliminar y bloquear las cookies de este sitio Web, pero parte del sitio no funcionar\u00e1 correctamente o su calidad puede verse afectada.<\/div>\n<div><\/div>\n<h2>Contacte<\/h2>\n<div>En caso de que tenga cualquier duda acerca de esta Pol\u00edtica de Cookies o quiera realizar cualquier comentario sobre este sitio Web, puede enviar un mensaje de correo electr\u00f3nico a la direcci\u00f3n\u00a0<a href=\"mailto:info@senetrural.com\" target=\"_blank\" rel=\"noopener\">info@senetrural.com<\/a>.<\/div>","protected":false},"excerpt":{"rendered":"<p>En cumplimiento con lo dispuesto en el art\u00edculo 22.2 de la Ley 34\/2002, de 11 de julio, de Servicios de la Sociedad de la Informaci\u00f3n y de Comercio Electr\u00f3nico, el Titular le informa que este sitio Web utiliza cookies, as\u00ed [&hellip;]<\/p>\n","protected":false},"author":1,"featured_media":0,"parent":0,"menu_order":0,"comment_status":"closed","ping_status":"closed","template":"","meta":{"footnotes":""},"class_list":["post-4140","page","type-page","status-publish","hentry"],"_links":{"self":[{"href":"https:\/\/senetrural.com\/ca\/wp-json\/wp\/v2\/pages\/4140","targetHints":{"allow":["GET"]}}],"collection":[{"href":"https:\/\/senetrural.com\/ca\/wp-json\/wp\/v2\/pages"}],"about":[{"href":"https:\/\/senetrural.com\/ca\/wp-json\/wp\/v2\/types\/page"}],"author":[{"embeddable":true,"href":"https:\/\/senetrural.com\/ca\/wp-json\/wp\/v2\/users\/1"}],"replies":[{"embeddable":true,"href":"https:\/\/senetrural.com\/ca\/wp-json\/wp\/v2\/comments?post=4140"}],"version-history":[{"count":1,"href":"https:\/\/senetrural.com\/ca\/wp-json\/wp\/v2\/pages\/4140\/revisions"}],"predecessor-version":[{"id":4141,"href":"https:\/\/senetrural.com\/ca\/wp-json\/wp\/v2\/pages\/4140\/revisions\/4141"}],"wp:attachment":[{"href":"https:\/\/senetrural.com\/ca\/wp-json\/wp\/v2\/media?parent=4140"}],"curies":[{"name":"wp","href":"https:\/\/api.w.org\/{rel}","templated":true}]}}