
{"id":4951,"date":"2022-08-09T11:47:21","date_gmt":"2022-08-09T09:47:21","guid":{"rendered":"https:\/\/senetrural.com\/?page_id=4951"},"modified":"2022-09-23T17:29:53","modified_gmt":"2022-09-23T15:29:53","slug":"avis-legal","status":"publish","type":"page","link":"https:\/\/senetrural.com\/ca\/avis-legal\/","title":{"rendered":"Av\u00eds Legal"},"content":{"rendered":"<h2>Identificaci\u00f3 i Titularitat<\/h2>\n<div>En compliment de larticle 10 de la Llei 34\/2002, de 11 de juliol, de Serveis de la Societat de la Informaci\u00f3 i Comer\u00e7 Electr\u00f2nic, el Titular exposa les seves dades identificatives.<\/div>\n<div><\/div>\n<ul>\n<li><strong>Titular:<\/strong>\u00a0SenetRural (Andrea)<\/li>\n<li><strong>NIF:<\/strong>\u00a047981469F<\/li>\n<li><strong>Domicili:<\/strong>\u00a025553 &#8211; Senet, Lleida, &#8211; Espa\u00f1a.<\/li>\n<li><strong>Correu electr\u00f2nic:<\/strong>\u00a0<a href=\"mailto:info@senetrural.com\" target=\"_blank\" rel=\"noopener\">info@senetrural.<wbr \/>com<\/a><\/li>\n<li><strong>Lloc Web:<\/strong>\u00a0<a href=\"https:\/\/senetrural.com\/ca\/\" target=\"_blank\" rel=\"noopener\" data-saferedirecturl=\"https:\/\/www.google.com\/url?q=https:\/\/senetrural.com&amp;source=gmail&amp;ust=1657005590882000&amp;usg=AOvVaw31bRxC84CrQBU60IY5h-cC\">https:\/\/senetrural.com<\/a><\/li>\n<\/ul>\n<h2>Finalitat<\/h2>\n<div>La finalitat del lloc Web <a href=\"https:\/\/senetrural.com\/ca\/\" target=\"_blank\" rel=\"noopener\" data-saferedirecturl=\"https:\/\/www.google.com\/url?q=https:\/\/senetrural.com&amp;source=gmail&amp;ust=1657005590882000&amp;usg=AOvVaw31bRxC84CrQBU60IY5h-cC\">https:\/\/senetrural.com<\/a>\u00a0es Habitatges d\u2019\u00das Tur\u00edstic<\/div>\n<div><\/div>\n<h2>Condicions d&#8217;\u00fas<\/h2>\n<div>La utilitzaci\u00f3 del lloc web us atorga la condici\u00f3 d&#8217;Usuari, i implica l&#8217;acceptaci\u00f3 completa de totes les cl\u00e0usules i condicions d&#8217;\u00fas incloses a les p\u00e0gines:<\/div>\n<div><\/div>\n<ul>\n<li><a href=\"http:\/\/www.senetrural.com\/ca\/avis-legal\" target=\"_blank\" rel=\"noopener\" data-saferedirecturl=\"https:\/\/www.google.com\/url?q=https:\/\/abellerolrural.com\/aviso-legal\/&amp;source=gmail&amp;ust=1657005590882000&amp;usg=AOvVaw3N50eP6UChs5Fsbkscvzam\">Av\u00eds Legal<\/a><\/li>\n<li><a href=\"https:\/\/senetrural.com\/ca\/politica-de-privacitat\" target=\"_blank\" rel=\"noopener\" data-saferedirecturl=\"https:\/\/www.google.com\/url?q=https:\/\/abellerolrural.com\/politica-de-privacidad\/&amp;source=gmail&amp;ust=1657005590882000&amp;usg=AOvVaw0DmqYx96XSnP6l3iVWhtNs\">Pol\u00edtica de Privacitat<\/a><\/li>\n<li><a href=\"https:\/\/senetrural.com\/ca\/politica-de-galetes\/\" target=\"_blank\" rel=\"noopener\" data-saferedirecturl=\"https:\/\/www.google.com\/url?q=https:\/\/abellerolrural.com\/politica-de-cookies\/&amp;source=gmail&amp;ust=1657005590882000&amp;usg=AOvVaw2B1N4fY_wak_L-qeAbi-O8\">Pol\u00edtica de Cookies<\/a><\/li>\n<\/ul>\n<p>&nbsp;<\/p>\n<div>\n<p>Si no estigueu d&#8217;acord amb totes i cadascuna d&#8217;aquestes cl\u00e0usules i condicions abstingueu-vos d&#8217;utilitzar aquest lloc web.<\/p>\n<p>L&#8217;acc\u00e9s a aquest lloc web no suposa, de cap manera, l&#8217;inici d&#8217;una relaci\u00f3 comercial amb Senetrural.<\/p>\n<p>A trav\u00e9s d&#8217;aquest lloc web, el Titular us facilita l&#8217;acc\u00e9s i la utilitzaci\u00f3 de diversos continguts que el Titular o els seus col\u00b7laboradors han publicat per mitj\u00e0 d&#8217;Internet.<\/p>\n<p>A aquest efecte, vost\u00e8 est\u00e0 obligat i comprom\u00e8s a NO utilitzar qualsevol dels continguts del lloc web amb fins o efectes il\u00b7l\u00edcits, prohibits en aquest Av\u00eds Legal o per la legislaci\u00f3 vigent, lesius dels drets i interessos de tercers, o que de qualsevol manera puguin danyar, inutilitzar, sobrecarregar, deteriorar o impedir la utilitzaci\u00f3 normal dels continguts, els equips inform\u00e0tics o els documents, arxius i tota mena de continguts emmagatzemats en qualsevol equip inform\u00e0tic propis o contractats per Senetrural, d&#8217;altres usuaris o de qualsevol usuari d&#8217;Internet .<\/p>\n<p>El Titular es reserva el dret de retirar tots aquells comentaris que vulnerin la legislaci\u00f3 vigent, lesius dels drets o interessos de tercers, o que, a parer seu, no resultin adequats per a la seva publicaci\u00f3.<\/p>\n<p>Senetrural no ser\u00e0 responsable de les opinions abocades pels usuaris a trav\u00e9s del sistema de comentaris, xarxes socials o altres eines de participaci\u00f3, d&#8217;acord amb el que preveu la normativa aplicable.<\/p>\n<\/div>\n<h2>Mesures de seguretat<\/h2>\n<div>\n<p>Les dades personals que faciliti al Titular poden ser emmagatzemades en bases de dades automatitzades o no, la titularitat de les quals correspon en exclusiva a Senetrural, que assumeix totes les mesures d&#8217;\u00edndole t\u00e8cnica, organitzativa i de seguretat que garanteixen la confidencialitat, integritat i qualitat de la informaci\u00f3 continguda en aquestes d&#8217;acord amb el que estableix la normativa vigent en protecci\u00f3 de dades.<\/p>\n<p>Tot i aix\u00f2, ha de ser conscient que les mesures de seguretat dels sistemes inform\u00e0tics a Internet no s\u00f3n enterament fiables i que, per tant el Titular no pot garantir la inexist\u00e8ncia de virus o altres elements que puguin produir alteracions en els sistemes inform\u00e0tics (programari i maquinari) de l&#8217;Usuari o als seus documents electr\u00f2nics i fitxers continguts en aquests, encara que el Titular posa tots els mitjans necessaris i pren les mesures de seguretat oportunes per evitar la pres\u00e8ncia d&#8217;aquests elements nocius.<\/p>\n<\/div>\n<h2>Dades personals<\/h2>\n<div>Podeu consultar tota la informaci\u00f3 relativa al tractament de dades personals que recull el Titular a la p\u00e0gina de <a href=\"https:\/\/abellerolrural.com\/politica-de-privacidad\/\" target=\"_blank\" rel=\"noopener\" data-saferedirecturl=\"https:\/\/www.google.com\/url?q=https:\/\/abellerolrural.com\/politica-de-privacidad\/&amp;source=gmail&amp;ust=1657005590882000&amp;usg=AOvVaw0DmqYx96XSnP6l3iVWhtNs\">Pol\u00edtica de Privacitat<\/a>.<\/div>\n<div><\/div>\n<h2>Continguts<\/h2>\n<div>\n<p>El Titular ha obtingut la informaci\u00f3, el contingut multim\u00e8dia i els materials inclosos al lloc web de fonts que considera fiables, per\u00f2, si b\u00e9 ha pres totes les mesures raonables per assegurar que la informaci\u00f3 continguda \u00e9s correcta, el Titular no garanteix que sigui exacta , completa o actualitzada. Senetrural declina expressament qualsevol responsabilitat per error o omissi\u00f3 a la informaci\u00f3 continguda a les p\u00e0gines d&#8217;aquest lloc web.<\/p>\n<p>Queda prohibit transmetre o enviar a trav\u00e9s del lloc web qualsevol contingut il\u00b7legal o il\u00b7l\u00edcit, virus inform\u00e0tics, o missatges que, en general, afectin o violin drets del Titular o de tercers.<\/p>\n<p>Els continguts de <a href=\"https:\/\/senetrural.com\/ca\/\">https:\/\/senetrural.com<\/a> tenen \u00fanicament una finalitat informativa i sota cap circumst\u00e0ncia s&#8217;han d&#8217;usar ni considerar com a oferta de venda, sol\u00b7licitud d&#8217;una oferta de compra ni recomanaci\u00f3 per realitzar qualsevol altra operaci\u00f3, llevat que aix\u00ed s&#8217;indiqui expressament.<\/p>\n<p>Senetrural es reserva el dret a modificar, suspendre, cancel\u00b7lar o restringir el contingut de <a href=\"https:\/\/senetrural.com\/ca\/\">https:\/\/senetrural.com<\/a>, els vincles o la informaci\u00f3 obtinguda a trav\u00e9s del lloc web, sense necessitat de previ av\u00eds.<\/p>\n<p>Senetrural\u00a0no \u00e9s responsable dels danys i perjudicis que poguessin derivar-se de la utilitzaci\u00f3 de la informaci\u00f3 del lloc web o de la continguda a les xarxes socials del Titular.<\/p>\n<\/div>\n<div><\/div>\n<div>\n<h2>Pol\u00edtica de cookies<\/h2>\n<div>En la p\u00e0gina <a href=\"https:\/\/abellerolrural.com\/politica-de-cookies\/\" target=\"_blank\" rel=\"noopener\" data-saferedirecturl=\"https:\/\/www.google.com\/url?q=https:\/\/abellerolrural.com\/politica-de-cookies\/&amp;source=gmail&amp;ust=1657005590882000&amp;usg=AOvVaw2B1N4fY_wak_L-qeAbi-O8\">Pol\u00edtica de Cookies<\/a> podeu consultar tota la informaci\u00f3 relativa a la pol\u00edtica de recollida i tractament de les cookies.<\/div>\n<div><\/div>\n<h2>Enlla\u00e7os a altres llocs web<\/h2>\n<div>\n<p>El Titular pot proporcionar-li acc\u00e9s a llocs web de tercers mitjan\u00e7ant enlla\u00e7os amb la finalitat exclusiva d&#8217;informar sobre l&#8217;exist\u00e8ncia d&#8217;altres fonts d&#8217;informaci\u00f3 a Internet on podr\u00e0 ampliar les dades ofertes al lloc web.<\/p>\n<p>Aquests enlla\u00e7os a altres llocs web no suposen en cap cas un suggeriment o recomanaci\u00f3 perqu\u00e8 visiteu les p\u00e0gines web de destinaci\u00f3, que estan fora del control del Titular, per la qual cosa Senetrural no \u00e9s responsable del contingut dels llocs web vinculats ni del resultat que obtingueu en seguir els enlla\u00e7os.<\/p>\n<p>Aix\u00ed mateix, Senetrural no respon dels links o enlla\u00e7os ubicats als llocs web vinculats als quals li proporciona acc\u00e9s.<\/p>\n<p>L&#8217;establiment de l&#8217;enlla\u00e7 no implica en cap cas l&#8217;exist\u00e8ncia de relacions entre Senetrural i el propietari del lloc on s&#8217;estableixi l&#8217;enlla\u00e7, ni l&#8217;acceptaci\u00f3 o l&#8217;aprovaci\u00f3 per part del Titular dels seus continguts o serveis.<\/p>\n<p>Si accediu a un lloc web extern des d&#8217;un enlla\u00e7 que trobeu a <a href=\"https:\/\/senetrural.com\/ca\/\">https:\/\/senetrural.com<\/a>, haureu de llegir la pr\u00f2pia pol\u00edtica de privadesa de l&#8217;altre lloc web que pot ser diferent de la d&#8217;aquest lloc web.<\/p>\n<\/div>\n<div><\/div>\n<h2>Propietat intel\u00b7lectual i industrial<\/h2>\n<div>Tots els drets estan reservats.<\/div>\n<div><\/div>\n<div>Tot acc\u00e9s a aquest lloc web est\u00e0 subjecte a les condicions seg\u00fcents: la reproducci\u00f3, emmagatzematge permanent i la difusi\u00f3 dels continguts o qualsevol altre \u00fas que tingui finalitat p\u00fablica o comercial queda expressament prohibida sense el consentiment previ expr\u00e9s i per escrit de Senetrural.<\/div>\n<div><\/div>\n<h2>Limitaci\u00f3 de responsabilitat<\/h2>\n<div>\n<p>La informaci\u00f3 i els serveis inclosos o disponibles a trav\u00e9s d&#8217;aquest lloc web poden incloure incorreccions o errors tipogr\u00e0fics. De forma peri\u00f2dica el Titular incorpora millores i\/o canvis a la informaci\u00f3 continguda i\/o als serveis que pot introduir en qualsevol moment.<\/p>\n<p>El Titular no declara ni garanteix que els serveis o continguts siguin interromputs o que estiguin lliures derrors, que els defectes siguin corregits, o que el servei o el servidor que el posa a disposici\u00f3 estiguin lliures de virus o altres components nocius sense perjudici que el Titular fa tots els esfor\u00e7os per evitar aquest tipus d&#8217;incidents.<\/p>\n<p>Senetrural declina qualsevol responsabilitat en cas que hi hagi interrupcions o un mal funcionament dels serveis o continguts oferts a Internet, sigui quina sigui la seva causa. Aix\u00ed mateix, el Titular no es fa responsable per caigudes de la xarxa, p\u00e8rdues de negoci a conseq\u00fc\u00e8ncia de les caigudes esmentades, suspensions temporals de fluid el\u00e8ctric o qualsevol altre tipus de dany indirecte que et pugui ser causat per causes alienes al Titular.<\/p>\n<p>Abans de prendre decisions i\/o accions sobre la base de la informaci\u00f3 inclosa al lloc web, el Titular us recomana comprovar i contrastar la informaci\u00f3 rebuda amb altres fonts.<\/p>\n<\/div>\n<h2>Dret d&#8217;exclusi\u00f3<\/h2>\n<div>Senetrural es reserva el dret de denegar o retirar l&#8217;acc\u00e9s al lloc web i els serveis oferts sense necessitat de preav\u00eds, a inst\u00e0ncia pr\u00f2pia o d&#8217;un tercer, a aquells usuaris que incompleixin qualsevol de les condicions d&#8217;aquest Av\u00eds Legal.<\/div>\n<div><\/div>\n<h2>Jurisdicci\u00f3<\/h2>\n<div>Aquest Av\u00eds Legal es regeix \u00edntegrament per la legislaci\u00f3 espanyola.<\/div>\n<div><\/div>\n<h2>Contacte<\/h2>\n<div>En cas que tingueu qualsevol dubte sobre aquestes Condicions legals o vulgueu realitzar qualsevol comentari sobre aquest lloc web, podeu enviar un missatge de correu electr\u00f2nic a l&#8217;adre\u00e7a <a href=\"mailto:info@senetrural.com\" target=\"_blank\" rel=\"noopener\">info@senetrural.com<\/a>.<\/div>\n<\/div>","protected":false},"excerpt":{"rendered":"<p>Identificaci\u00f3 i Titularitat En compliment de larticle 10 de la Llei 34\/2002, de 11 de juliol, de Serveis de la Societat de la Informaci\u00f3 i Comer\u00e7 Electr\u00f2nic, el Titular exposa les seves dades identificatives. Titular:\u00a0SenetRural (Andrea) NIF:\u00a047981469F Domicili:\u00a025553 &#8211; Senet, [&hellip;]<\/p>\n","protected":false},"author":1,"featured_media":0,"parent":0,"menu_order":0,"comment_status":"closed","ping_status":"closed","template":"","meta":{"footnotes":""},"class_list":["post-4951","page","type-page","status-publish","hentry"],"_links":{"self":[{"href":"https:\/\/senetrural.com\/ca\/wp-json\/wp\/v2\/pages\/4951","targetHints":{"allow":["GET"]}}],"collection":[{"href":"https:\/\/senetrural.com\/ca\/wp-json\/wp\/v2\/pages"}],"about":[{"href":"https:\/\/senetrural.com\/ca\/wp-json\/wp\/v2\/types\/page"}],"author":[{"embeddable":true,"href":"https:\/\/senetrural.com\/ca\/wp-json\/wp\/v2\/users\/1"}],"replies":[{"embeddable":true,"href":"https:\/\/senetrural.com\/ca\/wp-json\/wp\/v2\/comments?post=4951"}],"version-history":[{"count":5,"href":"https:\/\/senetrural.com\/ca\/wp-json\/wp\/v2\/pages\/4951\/revisions"}],"predecessor-version":[{"id":5174,"href":"https:\/\/senetrural.com\/ca\/wp-json\/wp\/v2\/pages\/4951\/revisions\/5174"}],"wp:attachment":[{"href":"https:\/\/senetrural.com\/ca\/wp-json\/wp\/v2\/media?parent=4951"}],"curies":[{"name":"wp","href":"https:\/\/api.w.org\/{rel}","templated":true}]}}