
{"id":4956,"date":"2022-08-09T12:11:31","date_gmt":"2022-08-09T10:11:31","guid":{"rendered":"https:\/\/senetrural.com\/?page_id=4956"},"modified":"2022-08-09T12:15:11","modified_gmt":"2022-08-09T10:15:11","slug":"politica-de-galetes","status":"publish","type":"page","link":"https:\/\/senetrural.com\/ca\/politica-de-galetes\/","title":{"rendered":"Pol\u00edtica de Galetes"},"content":{"rendered":"<div>En compliment del que disposa l&#8217;article 22.2 de la Llei 34\/2002, d&#8217;11 de juliol, de Serveis de la Societat de la Informaci\u00f3 i de Comer\u00e7 Electr\u00f2nic, el Titular us informa que aquest lloc web utilitza cookies, aix\u00ed com sobre la seva pol\u00edtica de recollida i el tractament que en fa.<\/div>\n<div><\/div>\n<h2>Qu\u00e8 s\u00f3n les cookies?<\/h2>\n<div>Una galeta \u00e9s un fitxer que es descarrega al vostre ordinador en entrar a determinades p\u00e0gines web. Les galetes permeten a una p\u00e0gina web, entre altres coses, emmagatzemar i recuperar informaci\u00f3 sobre els seus h\u00e0bits de navegaci\u00f3 i \u2014depenent de la informaci\u00f3 que continguin i de la manera com utilitzi el seu equip\u2014 poden utilitzar-se per identificar-lo.<\/div>\n<div><\/div>\n<h2>Tipus de galetes utilitzades<\/h2>\n<div>Al lloc Web <a href=\"https:\/\/abellerolrural.com\/\" target=\"_blank\" rel=\"noopener\" data-saferedirecturl=\"https:\/\/www.google.com\/url?q=https:\/\/abellerolrural.com\/&amp;source=gmail&amp;ust=1657005590882000&amp;usg=AOvVaw0vLLnO9BijnM5TMwPE6KL5\">https:\/\/senetrural.com<\/a> utilitza els seg\u00fcents tipus de cookies:<\/div>\n<div><\/div>\n<ul>\n<li><strong>Cookies d&#8217;an\u00e0lisi:<\/strong> S\u00f3n aquelles que, b\u00e9 tractades pel lloc web o per tercers, permeten quantificar el nombre d&#8217;usuaris i aix\u00ed realitzar el mesurament i an\u00e0lisi estad\u00edstica de la utilitzaci\u00f3 que fan els usuaris del lloc web. Per aix\u00f2 s&#8217;analitza la navegaci\u00f3 que fas en aquest lloc web per tal de millorar-lo.<\/li>\n<li><strong>Cookies t\u00e8cniques:<\/strong> S\u00f3n aquelles tractades pel lloc web que permeten als usuaris registrats navegar a trav\u00e9s de l&#8217;\u00e0rea restringida ia utilitzar les seves diferents funcions, com per exemple, dur a terme el proc\u00e9s de compra d&#8217;un Producte o Servei.<br \/>\nAlgunes galetes s\u00f3n essencials per al funcionament del lloc web, per exemple, el sistema de comentaris o el cercador.<\/li>\n<li><strong>Cookies de personalitzaci\u00f3:<\/strong> S\u00f3n aquelles que permeten als usuaris accedir al Servei amb algunes caracter\u00edstiques de car\u00e0cter general predefinides en funci\u00f3 d&#8217;una s\u00e8rie de criteris establerts per l&#8217;usuari com, per exemple, l&#8217;idioma o el tipus de navegador a trav\u00e9s del qual es connecta a aquest lloc web.<\/li>\n<\/ul>\n<h2>Desactivar las galetes<\/h2>\n<div>\n<p>Vost\u00e8 pot acceptar, bloquejar o eliminar les cookies instal\u00b7lades al vostre equip mitjan\u00e7ant la configuraci\u00f3 de les opcions del navegador.<\/p>\n<p>Als seg\u00fcents enlla\u00e7os trobareu instruccions per habilitar o deshabilitar les cookies en els navegadors m\u00e9s comuns.<\/p>\n<\/div>\n<ul>\n<li><strong>Firefox<\/strong>\u00a0<a href=\"http:\/\/support.mozilla.org\/es\/kb\/habilitar-y-deshabilitar-cookies-que-los-sitios-we\" target=\"_blank\" rel=\"noopener\" data-saferedirecturl=\"https:\/\/www.google.com\/url?q=http:\/\/support.mozilla.org\/es\/kb\/habilitar-y-deshabilitar-cookies-que-los-sitios-we&amp;source=gmail&amp;ust=1657005590882000&amp;usg=AOvVaw2UTgiASxt6u0rFEo8Cf3oS\">http:\/\/support.<wbr \/>mozilla.org\/es\/kb\/habilitar-y-<wbr \/>deshabilitar-cookies-que-los-<wbr \/>sitios-we<\/a><\/li>\n<li><strong>Safari<\/strong>\u00a0<a href=\"http:\/\/support.apple.com\/kb\/HT1677?viewlocale=es_ES\" target=\"_blank\" rel=\"noopener\" data-saferedirecturl=\"https:\/\/www.google.com\/url?q=http:\/\/support.apple.com\/kb\/HT1677?viewlocale%3Des_ES&amp;source=gmail&amp;ust=1657005590882000&amp;usg=AOvVaw199LD-dvNUbDmiMOEQTjk3\">http:\/\/support.apple.<wbr \/>com\/kb\/HT1677?viewlocale=es_ES<\/a><\/li>\n<li><strong>Google Chrome<\/strong>\u00a0<a href=\"https:\/\/support.google.com\/chrome\/answer\/95647?hl=es\" target=\"_blank\" rel=\"noopener\" data-saferedirecturl=\"https:\/\/www.google.com\/url?q=https:\/\/support.google.com\/chrome\/answer\/95647?hl%3Des&amp;source=gmail&amp;ust=1657005590882000&amp;usg=AOvVaw2rYtfJV5zp7r2XPqOmLMUX\">https:\/\/support.google.<wbr \/>com\/chrome\/answer\/95647?hl=es<\/a><\/li>\n<\/ul>\n<p>&nbsp;<\/p>\n<h2>Galetes de tercers<\/h2>\n<div>\n<p>El lloc web utilitza els serveis de Google Adsense i de Google Analytics que poden instal\u00b7lar galetes que serveixen per obtenir estad\u00edstiques i dades publicit\u00e0ries.<\/p>\n<p>El lloc web inclou altres funcionalitats proporcionades per les xarxes socials i que poden instal\u00b7lar galetes. Vost\u00e8 pot compartir el contingut a les teves xarxes socials com Facebook, Twitter, Google +, Instagram o YouTube amb els botons inclosos a aquest efecte o amb les eines per compartir pr\u00f2pies de les xarxes socials.<\/p>\n<\/div>\n<div><\/div>\n<h2>Advert\u00e8ncia sobre eliminar galetes<\/h2>\n<div>Vost\u00e8 pot eliminar i bloquejar les galetes d&#8217;aquest lloc web, per\u00f2 part del lloc no funcionar\u00e0 correctament o la seva qualitat es pot veure afectada.<\/div>\n<div><\/div>\n<h2>Contacte<\/h2>\n<div>En cas que tingueu qualsevol dubte sobre aquesta Pol\u00edtica de Cookies o vulgueu realitzar qualsevol comentari sobre aquest lloc web, podeu enviar un missatge de correu electr\u00f2nic a l&#8217;adre\u00e7a <a href=\"mailto:info@senetrural.com\" target=\"_blank\" rel=\"noopener\">info@senetrural.com<\/a>.<\/div>","protected":false},"excerpt":{"rendered":"<p>En compliment del que disposa l&#8217;article 22.2 de la Llei 34\/2002, d&#8217;11 de juliol, de Serveis de la Societat de la Informaci\u00f3 i de Comer\u00e7 Electr\u00f2nic, el Titular us informa que aquest lloc web utilitza cookies, aix\u00ed com sobre la [&hellip;]<\/p>\n","protected":false},"author":1,"featured_media":0,"parent":0,"menu_order":0,"comment_status":"closed","ping_status":"closed","template":"","meta":{"footnotes":""},"class_list":["post-4956","page","type-page","status-publish","hentry"],"_links":{"self":[{"href":"https:\/\/senetrural.com\/ca\/wp-json\/wp\/v2\/pages\/4956","targetHints":{"allow":["GET"]}}],"collection":[{"href":"https:\/\/senetrural.com\/ca\/wp-json\/wp\/v2\/pages"}],"about":[{"href":"https:\/\/senetrural.com\/ca\/wp-json\/wp\/v2\/types\/page"}],"author":[{"embeddable":true,"href":"https:\/\/senetrural.com\/ca\/wp-json\/wp\/v2\/users\/1"}],"replies":[{"embeddable":true,"href":"https:\/\/senetrural.com\/ca\/wp-json\/wp\/v2\/comments?post=4956"}],"version-history":[{"count":3,"href":"https:\/\/senetrural.com\/ca\/wp-json\/wp\/v2\/pages\/4956\/revisions"}],"predecessor-version":[{"id":4959,"href":"https:\/\/senetrural.com\/ca\/wp-json\/wp\/v2\/pages\/4956\/revisions\/4959"}],"wp:attachment":[{"href":"https:\/\/senetrural.com\/ca\/wp-json\/wp\/v2\/media?parent=4956"}],"curies":[{"name":"wp","href":"https:\/\/api.w.org\/{rel}","templated":true}]}}