
{"id":4960,"date":"2022-08-09T12:15:49","date_gmt":"2022-08-09T10:15:49","guid":{"rendered":"https:\/\/senetrural.com\/?page_id=4960"},"modified":"2022-08-09T12:31:13","modified_gmt":"2022-08-09T10:31:13","slug":"politica-de-privacitat","status":"publish","type":"page","link":"https:\/\/senetrural.com\/ca\/politica-de-privacitat\/","title":{"rendered":"Pol\u00edtica de privacitat"},"content":{"rendered":"<div>\n<p>Senetrural us informa sobre la vostra Pol\u00edtica de Privadesa respecte del tractament i protecci\u00f3 de les dades de car\u00e0cter personal dels usuaris i clients que puguin ser demanats per la navegaci\u00f3 o contractaci\u00f3 de serveis a trav\u00e9s del lloc web\u00a0<a href=\"https:\/\/senetrural.com\/ca\/\">https:\/\/senetrural.com<\/a>.<\/p>\n<p>En aquest sentit, Senetrural garanteix el compliment de la normativa vigent en mat\u00e8ria de protecci\u00f3 de dades personals, reflectida a la Llei Org\u00e0nica 3\/2018, de 5 de desembre, de Protecci\u00f3 de Dades Personals i de Garantia de Drets Digitals (LOPD GDD). Compleix tamb\u00e9 amb el Reglament (UE) 2016\/679 del Parlament Europeu i del Consell de 27 d&#8217;abril del 2016 relatiu a la protecci\u00f3 de les persones f\u00edsiques (RGPD).<\/p>\n<p>L&#8217;\u00fas del lloc web implica l&#8217;acceptaci\u00f3 d&#8217;aquesta Pol\u00edtica de Privadesa aix\u00ed com les condicions incloses al <a href=\"https:\/\/abellerolrural.com\/aviso-legal\/\" target=\"_blank\" rel=\"noopener\" data-saferedirecturl=\"https:\/\/www.google.com\/url?q=https:\/\/abellerolrural.com\/aviso-legal\/&amp;source=gmail&amp;ust=1657005590882000&amp;usg=AOvVaw3N50eP6UChs5Fsbkscvzam\">Av\u00eds Legal<\/a>.<\/p>\n<\/div>\n<h2>Identitat del responsable<\/h2>\n<ul>\n<li><strong>Titular:<\/strong>\u00a0Senetrural (Andrea)<\/li>\n<li><strong>NIF:<\/strong>\u00a047981469F<\/li>\n<li><strong>Domicili:<\/strong>\u00a025553 &#8211; Senet, Lleida, &#8211; Espa\u00f1a.<\/li>\n<li><strong>Correu electr\u00f2nic:<\/strong>\u00a0<a href=\"mailto:info@senetrural.com\" target=\"_blank\" rel=\"noopener\">info@senetrural.<wbr \/>com<\/a><\/li>\n<li><strong>Lloc Web:<\/strong>\u00a0<a href=\"https:\/\/abellerolrural.com\/\" target=\"_blank\" rel=\"noopener\" data-saferedirecturl=\"https:\/\/www.google.com\/url?q=https:\/\/abellerolrural.com\/&amp;source=gmail&amp;ust=1657005590882000&amp;usg=AOvVaw0vLLnO9BijnM5TMwPE6KL5\">https:\/\/senetrural.com<\/a><\/li>\n<\/ul>\n<h2>Principis aplicats al tractament de dades<\/h2>\n<div>En el tractament de les vostres dades personals, el Titular aplicar\u00e0 els seg\u00fcents principis que s&#8217;ajusten a les exig\u00e8ncies del nou reglament europeu de protecci\u00f3 de dades (RGPD):<\/div>\n<div><\/div>\n<ul>\n<li><strong>Principi de licitud, lleialtat i transpar\u00e8ncia:<\/strong> El Titular sempre requerir\u00e0 el consentiment per al tractament de les dades personals que pot ser per a un o diversos fins espec\u00edfics sobre els quals el Titular informar\u00e0 l&#8217;Usuari pr\u00e8viament amb absoluta transpar\u00e8ncia.<\/li>\n<li><strong>Principi de minimitzaci\u00f3 de dades:<\/strong> El Titular sol\u00b7licitar\u00e0 nom\u00e9s les dades estrictament necess\u00e0ries per a la finalitat o fins que les sol\u00b7licita.<\/li>\n<li><strong>Principi de limitaci\u00f3 del termini de conservaci\u00f3:<\/strong> El Titular mantindr\u00e0 les dades personals demanades durant el temps estrictament necessari per a la fi o fins del tractament. El titular informar\u00e0 l&#8217;usuari del termini de conservaci\u00f3 corresponent segons la finalitat.<br \/>\nEn el cas de subscripcions, el titular revisar\u00e0 peri\u00f2dicament les llistes i eliminar\u00e0 aquells registres inactius durant un temps considerable.<\/li>\n<li><strong>Principi d&#8217;integritat i confidencialitat:<\/strong> Les dades personals recollides seran tractades de manera que la seva seguretat, confidencialitat i integritat estigui garantida.<br \/>\nEl Titular pren les precaucions necess\u00e0ries per evitar l&#8217;acc\u00e9s no autoritzat o \u00fas indegut de les dades dels usuaris per part de tercers.<\/li>\n<\/ul>\n<h2>Obtenci\u00f3 de dades personals<\/h2>\n<div>Per navegar per\u00a0<a href=\"https:\/\/senetrural.com\/ca\/\">https:\/\/senetrural.com<\/a>\u00a0no cal que faciliti cap dada personal.<\/div>\n<div><\/div>\n<div>Els casos en qu\u00e8 vost\u00e8 s\u00ed que proporciona les seves dades personals s\u00f3n els seg\u00fcents:<\/div>\n<div><\/div>\n<ul>\n<li>En contactar a trav\u00e9s dels formularis de contacte o enviar un correu electr\u00f2nic.<\/li>\n<li>En fer un comentari en un article o p\u00e0gina.<\/li>\n<li>En fer una reserva<\/li>\n<\/ul>\n<h2>Drets<\/h2>\n<div>El Titular us informa que sobre les vostres dades personals teniu dret a:<\/div>\n<div><\/div>\n<ul>\n<li>Sol\u00b7licitar l&#8217;acc\u00e9s a les dades emmagatzemades.<\/li>\n<li>Sol\u00b7licitar una rectificaci\u00f3 o la cancel\u00b7laci\u00f3.<\/li>\n<li>Sol\u00b7licitar la limitaci\u00f3 del tractament.<\/li>\n<li>Oposar-se al tractament.<\/li>\n<li>Sol\u00b7licitar la portabilitat de les vostres dades.<\/li>\n<\/ul>\n<div>L&#8217;exercici d&#8217;aquests drets \u00e9s personal i per tant ha de ser exercit directament per l&#8217;interessat, sol\u00b7licitant-ho directament al Titular, cosa que significa que qualsevol client, subscriptor o col\u00b7laborador que hagi facilitat les dades en algun moment, pot adre\u00e7ar-se a Senetrural i demanar informaci\u00f3 sobre les dades que t\u00e9 emmagatzemades i com les ha obtingut, sol\u00b7licitar-ne la rectificaci\u00f3, sol\u00b7licitar la portabilitat de les seves dades personals, oposar-se al tractament, limitar-ne l&#8217;\u00fas o sol\u00b7licitar la cancel\u00b7laci\u00f3 d&#8217;aquestes dades als fitxers del Titular.<\/div>\n<div><\/div>\n<div>Per exercitar els vostres drets d&#8217;acc\u00e9s, rectificaci\u00f3, cancel\u00b7laci\u00f3, portabilitat i oposici\u00f3 heu d&#8217;enviar un correu electr\u00f2nic a <a href=\"mailto:info@senetrural.com\" target=\"_blank\" rel=\"noopener\">info@senetrural.com<\/a> juntament amb la prova v\u00e0lida en dret com una fotoc\u00f2pia del D.N.I. o equivalent.<\/div>\n<div><\/div>\n<div>Teniu dret a la tutela judicial efectiva ia presentar una reclamaci\u00f3 davant l&#8217;autoritat de control, en aquest cas, l&#8217;Ag\u00e8ncia Espanyola de Protecci\u00f3 de Dades, si considera que el tractament de dades personals que li concerneixen infringeix el Reglament.<\/div>\n<div><\/div>\n<h2>Finalitat del tractament de dades personals<\/h2>\n<div>Quan vost\u00e8 es connecta al lloc web per enviar un correu al Titular, se subscriu al seu butllet\u00ed o realitza una contractaci\u00f3, facilita informaci\u00f3 de car\u00e0cter personal de la qual el responsable \u00e9s Senetrural. Aquesta informaci\u00f3 pot incloure dades de car\u00e0cter personal com poden ser la vostra adre\u00e7a IP, nom i cognoms, adre\u00e7a f\u00edsica, adre\u00e7a de correu electr\u00f2nic, n\u00famero de tel\u00e8fon, i altra informaci\u00f3. En facilitar aquesta informaci\u00f3, d\u00f3na el seu consentiment perqu\u00e8 la seva informaci\u00f3 sigui recopilada, utilitzada, gestionada i emmagatzemada per \u2014Ionos\u2014 nom\u00e9s com es descriu a l&#8217;Av\u00eds Legal i a la present Pol\u00edtica de Privadesa.\u00a0<a href=\"https:\/\/abellerolrural.com\/aviso-legal\/\" target=\"_blank\" rel=\"noopener\" data-saferedirecturl=\"https:\/\/www.google.com\/url?q=https:\/\/abellerolrural.com\/aviso-legal\/&amp;source=gmail&amp;ust=1657005590882000&amp;usg=AOvVaw3N50eP6UChs5Fsbkscvzam\">Aviso Legal<\/a> a la present <a href=\"https:\/\/abellerolrural.com\/politica-de-privacidad\/\" target=\"_blank\" rel=\"noopener\" data-saferedirecturl=\"https:\/\/www.google.com\/url?q=https:\/\/abellerolrural.com\/politica-de-privacidad\/&amp;source=gmail&amp;ust=1657005590882000&amp;usg=AOvVaw0DmqYx96XSnP6l3iVWhtNs\">Pol\u00edtica de Privacidad<\/a>.<\/div>\n<div><\/div>\n<div>Les dades personals i la finalitat del tractament per part del Titular s\u00f3n diferents segons el sistema de captura d&#8217;informaci\u00f3:<\/div>\n<div><\/div>\n<ul>\n<li><strong>Formularis de contacte:<\/strong> El Titular sol\u00b7licita dades personals entre les quals poden estar: Nom i cognoms, adre\u00e7a de correu electr\u00f2nic, n\u00famero de tel\u00e8fon i adre\u00e7a de lloc web amb la finalitat de respondre les consultes dels Usuaris.<br \/>\nPer exemple, Senetrural utilitza aquestes dades per donar resposta a missatges, dubtes, queixes, comentaris o inquietuds que poden tenir els Usuaris relatives a la informaci\u00f3 inclosa al lloc web, els serveis que es presten a trav\u00e9s del lloc web, el tractament dels dades personals, q\u00fcestions referents als textos legals inclosos al lloc web, aix\u00ed com qualsevol altra consulta que l&#8217;usuari pugui tenir i que no estigui subjecta a les condicions del lloc web o de la contractaci\u00f3.<\/li>\n<\/ul>\n<div>Hi ha altres finalitats per les quals el Titular tracta dades personals:<\/div>\n<div><\/div>\n<ul>\n<li>Per garantir el compliment de les condicions recollides a l&#8217;Av\u00eds Legal ia la llei aplicable. Aix\u00f2 pot incloure el desenvolupament d&#8217;eines i algorismes que ajudin aquest lloc web a garantir la confidencialitat de les dades personals que recull.<\/li>\n<li>Per donar suport i millorar els serveis que ofereix aquest lloc web.<\/li>\n<li>Per analitzar la navegaci\u00f3 dels usuaris. El Titular recull altres dades no identificatives que s&#8217;obtenen mitjan\u00e7ant l&#8217;\u00fas de cookies que es descarreguen a l&#8217;ordinador de l&#8217;Usuari quan navega pel lloc web les caracter\u00edstiques i finalitat del qual estan detallades a la\u00a0<a href=\"https:\/\/senetrural.com\/ca\/politica-de-galetes\/\">Pol\u00edtica de Galetes<\/a>\u00a0.<\/li>\n<li>Per gestionar les xarxes socials. Senetrural t\u00e9 pres\u00e8ncia a xarxes socials. Si es fa seguidor a les xarxes socials del Titular el tractament de les dades personals es regir\u00e0 per aquest apartat, aix\u00ed com per aquelles condicions d&#8217;\u00fas, pol\u00edtiques de privadesa i normatives d&#8217;acc\u00e9s que pertanyin a la xarxa social que sigui procedent en cada cas i que ha acceptat pr\u00e8viament.<\/li>\n<li>Podeu consultar les pol\u00edtiques de privadesa de les principals xarxes socials en aquests enlla\u00e7os:<\/li>\n<\/ul>\n<ul>\n<li style=\"list-style-type: none;\">\n<ul>\n<li><a href=\"https:\/\/www.facebook.com\/help\/cookies\" target=\"_blank\" rel=\"noopener\" data-saferedirecturl=\"https:\/\/www.google.com\/url?q=https:\/\/www.facebook.com\/help\/cookies&amp;source=gmail&amp;ust=1657005590882000&amp;usg=AOvVaw00N3gnv3Unqz3TZmY8m3bn\">Facebook<\/a><\/li>\n<li><a href=\"https:\/\/twitter.com\/privacy\" target=\"_blank\" rel=\"noopener\" data-saferedirecturl=\"https:\/\/www.google.com\/url?q=https:\/\/twitter.com\/privacy&amp;source=gmail&amp;ust=1657005590882000&amp;usg=AOvVaw1dswQovsmc8kUay53AXbAJ\">Twitter<\/a><\/li>\n<li><a href=\"https:\/\/www.linkedin.com\/legal\/cookie-policy\" target=\"_blank\" rel=\"noopener\" data-saferedirecturl=\"https:\/\/www.google.com\/url?q=https:\/\/www.linkedin.com\/legal\/cookie-policy&amp;source=gmail&amp;ust=1657005590882000&amp;usg=AOvVaw1rgM-F9HnglrJLp0Qjd2V4\">Linkedin<\/a><\/li>\n<li><a href=\"https:\/\/www.youtube.com\/privacy\" target=\"_blank\" rel=\"noopener\" data-saferedirecturl=\"https:\/\/www.google.com\/url?q=https:\/\/www.youtube.com\/privacy&amp;source=gmail&amp;ust=1657005590882000&amp;usg=AOvVaw0aFC5zz0sCWOY7JSBdo84T\">YouTube<\/a><\/li>\n<li><a href=\"https:\/\/www.instagram.com\/legal\/privacy\/\" target=\"_blank\" rel=\"noopener\" data-saferedirecturl=\"https:\/\/www.google.com\/url?q=https:\/\/www.instagram.com\/legal\/privacy\/&amp;source=gmail&amp;ust=1657005590882000&amp;usg=AOvVaw2UxfyeBdzHnCa_DzSZyhai\">Instagram<\/a><\/li>\n<\/ul>\n<\/li>\n<\/ul>\n<div>El Titular tractar\u00e0 les vostres dades personals amb la finalitat d&#8217;administrar correctament la vostra pres\u00e8ncia a la xarxa social, informar-vos de les vostres activitats, productes o serveis, aix\u00ed com per a qualsevol altra finalitat que les normatives de les xarxes socials permetin.<\/div>\n<div><\/div>\n<div>En cap cas el Titular no utilitzar\u00e0 els perfils de seguidors en xarxes socials per enviar publicitat de manera individual.<\/div>\n<div><\/div>\n<h2>Seguretat de les dades personals<\/h2>\n<div>\n<p>Per protegir les seves dades personals, el Titular pren totes les precaucions raonables i segueix les millors pr\u00e0ctiques de la ind\u00fastria per evitar-ne la p\u00e8rdua, mal \u00fas, acc\u00e9s indegut, divulgaci\u00f3, alteraci\u00f3 o destrucci\u00f3.<\/p>\n<p>El lloc web est\u00e0 allotjat a Ionos. La seguretat de les dades est\u00e0 garantida, ja que prenen totes les mesures de seguretat necess\u00e0ries per fer-ho. Podeu consultar la vostra pol\u00edtica de privadesa per obtenir m\u00e9s informaci\u00f3.<\/p>\n<p>Senetrural informa a l&#8217;Usuari que les seves dades personals no seran cedides a terceres organitzacions, llevat que aquesta cessi\u00f3 de dades estigui emparada en una obligaci\u00f3 legal o quan la prestaci\u00f3 d&#8217;un servei impliqui la necessitat d&#8217;una relaci\u00f3 contractual amb un encarregat de tractament . En aquest darrer cas, nom\u00e9s es dur\u00e0 a terme la cessi\u00f3 de dades al tercer quan Senetrural disposi del consentiment expr\u00e9s de l&#8217;usuari.<\/p>\n<p>Tot i aix\u00f2, en alguns casos es poden realitzar col\u00b7laboracions amb altres professionals, en aquests casos, es requerir\u00e0 consentiment a l&#8217;Usuari informant sobre la identitat del col\u00b7laborador i la finalitat de la col\u00b7laboraci\u00f3. Sempre es realitzar\u00e0 amb els est\u00e0ndards de seguretat m\u00e9s estrictes.<\/p>\n<\/div>\n<h2>Contingut d&#8217;altres llocs web<\/h2>\n<div>\n<p>Les p\u00e0gines d&#8217;aquest lloc web poden incloure contingut incrustat (per exemple, v\u00eddeos, imatges, articles, etc.). El contingut incrustat d&#8217;altres web es comporta exactament de la mateixa manera que si hagu\u00e9ssiu visitat l&#8217;altra web.<\/p>\n<p>Aquests llocs web poden recopilar dades sobre vost\u00e8, utilitzar cookies, incrustar un codi de seguiment addicional de tercers i supervisar la seva interacci\u00f3 usant aquest codi.<\/p>\n<\/div>\n<h2>Pol\u00edtica de Galetes<\/h2>\n<div>Perqu\u00e8 aquest lloc web funcioni correctament heu d&#8217;utilitzar cookies, que \u00e9s una informaci\u00f3 que s&#8217;emmagatzema al vostre navegador web.<\/div>\n<div><\/div>\n<div>En la p\u00e0gina <a href=\"https:\/\/abellerolrural.com\/politica-de-cookies\/\" target=\"_blank\" rel=\"noopener\" data-saferedirecturl=\"https:\/\/www.google.com\/url?q=https:\/\/abellerolrural.com\/politica-de-cookies\/&amp;source=gmail&amp;ust=1657005590882000&amp;usg=AOvVaw2B1N4fY_wak_L-qeAbi-O8\">Pol\u00edtica de Galetes<\/a> pot consultar tota la informaci\u00f3 relativa a la pol\u00edtica de recollida, la finalitat i el tractament de les cookies.<\/div>\n<div><\/div>\n<h2>Legitimaci\u00f3 per al tractament de dades<\/h2>\n<div>\n<p>La base legal per al tractament de les vostres dades \u00e9s: el consentiment.<\/p>\n<p>Per contactar amb el Titular, subscriure&#8217;s a un butllet\u00ed o fer comentaris en aquest lloc web ha d&#8217;acceptar aquesta Pol\u00edtica de Privadesa.<\/p>\n<\/div>\n<h2>Categories de dades personals<\/h2>\n<div>\n<p>Les categories de dades personals que tracta el Titular s\u00f3n:<\/p>\n<ul>\n<li>Dades identificatives.<\/li>\n<li>No es tracten categories de dades especialment protegides.<\/li>\n<\/ul>\n<\/div>\n<h2>Conservaci\u00f3 de dades personals<\/h2>\n<div>Les dades personals que proporcioni al Titular es conservaran fins que sol\u00b7licite la supressi\u00f3.<\/div>\n<div><\/div>\n<h2>Destinataris de dades personals<\/h2>\n<ul>\n<li><strong>Google Analytics<\/strong>\u00a0\u00e9s un servei d&#8217;anal\u00edtica web prestat per Google, Inc., una companyia de Delaware que t\u00e9 com a oficina principal el 1600 Amphitheatre Parkway, Mountain View (Calif\u00f2rnia), CA 94043, Estats Units (\u00abGoogle\u00bb).<br \/>\nM\u00e9s informaci\u00f3 a <a href=\"https:\/\/analytics.google.com\/analytics\/web\/\" target=\"_blank\" rel=\"noopener\" data-saferedirecturl=\"https:\/\/www.google.com\/url?q=https:\/\/analytics.google.com\/analytics\/web\/&amp;source=gmail&amp;ust=1657005590882000&amp;usg=AOvVaw1UL-UBINWNWsUQMyu_NHWK\">https:\/\/analytics.google.<wbr \/>com<\/a><br \/>\nGoogle Analytics utilitza \u00abcookies\u00bb, que s\u00f3n arxius de text ubicats al vostre ordinador, per ajudar el Titular a analitzar l&#8217;\u00fas que fan els Usuaris del lloc web. La informaci\u00f3 que genera la galeta sobre l&#8217;\u00fas del lloc web (incloent-hi l&#8217;adre\u00e7a IP) ser\u00e0 directament transmesa i arxivada per Google als servidors dels Estats Units.<\/li>\n<\/ul>\n<div>En la p\u00e0gina de <a href=\"https:\/\/policies.google.com\/privacy?hl=es\" target=\"_blank\" rel=\"noopener\" data-saferedirecturl=\"https:\/\/www.google.com\/url?q=https:\/\/policies.google.com\/privacy?hl%3Des&amp;source=gmail&amp;ust=1657005590882000&amp;usg=AOvVaw3PLOHNM6ZpUls_Q2YGQjak\">Pol\u00edtica de privacidad de Google<\/a> s&#8217;explica com Google gestiona la privadesa pel que fa a l&#8217;\u00fas de les cookies i altra informaci\u00f3.<\/div>\n<div><\/div>\n<div>Tamb\u00e9 podeu veure una llista dels <a href=\"https:\/\/policies.google.com\/technologies\/types?hl=es\" target=\"_blank\" rel=\"noopener\" data-saferedirecturl=\"https:\/\/www.google.com\/url?q=https:\/\/policies.google.com\/technologies\/types?hl%3Des&amp;source=gmail&amp;ust=1657005590882000&amp;usg=AOvVaw3iX9N2hYeoFNgSQmOA3SoI\">tipos de cookies<\/a> que utilitza Google i els seus col\u00b7laboradors i tota la informaci\u00f3 relativa a l&#8217;\u00fas que fan de les <a href=\"https:\/\/policies.google.com\/technologies\/ads?hl=es\" target=\"_blank\" rel=\"noopener\" data-saferedirecturl=\"https:\/\/www.google.com\/url?q=https:\/\/policies.google.com\/technologies\/ads?hl%3Des&amp;source=gmail&amp;ust=1657005590882000&amp;usg=AOvVaw1e26fxmGt6cnMMMM0jWeg_\">cookies publicitarias<\/a>.<\/div>\n<div><\/div>\n<h2>Navegaci\u00f3 Web<\/h2>\n<div>En navegar per <a href=\"https:\/\/abellerolrural.com\/\" target=\"_blank\" rel=\"noopener\" data-saferedirecturl=\"https:\/\/www.google.com\/url?q=https:\/\/abellerolrural.com\/&amp;source=gmail&amp;ust=1657005590882000&amp;usg=AOvVaw0vLLnO9BijnM5TMwPE6KL5\">https:\/\/senetrural.com<\/a> es poden recollir dades no identificatives, que poden incloure, l&#8217;adre\u00e7a IP, geolocalitzaci\u00f3, un registre de com s&#8217;utilitzen els serveis i llocs, h\u00e0bits de navegaci\u00f3 i altres dades que no poden ser utilitzades per identificar-lo.<\/div>\n<div><\/div>\n<div>El lloc web utilitza els seg\u00fcents serveis d&#8217;an\u00e0lisi de tercers:<\/div>\n<ul>\n<li>Google Analytics<\/li>\n<\/ul>\n<div>El Titular utilitza la informaci\u00f3 obtinguda per obtenir dades estad\u00edstiques, analitzar tend\u00e8ncies, administrar el lloc, estudiar patrons de navegaci\u00f3 i per recopilar informaci\u00f3 demogr\u00e0fica.<\/div>\n<div><\/div>\n<h2>Exactitud i veracitat de les dades personals<\/h2>\n<div>\n<p>Vost\u00e8 es compromet que les dades facilitades al Titular siguin correctes, completes, exactes i vigents, aix\u00ed com a mantenir-les degudament actualitzades.<\/p>\n<p>Com a Usuari del lloc web vost\u00e8 \u00e9s l&#8217;\u00fanic responsable de la veracitat i correcci\u00f3 de les dades remeses al lloc web exonerant Senetrural de qualsevol responsabilitat al respecte.<\/p>\n<\/div>\n<h2>Aceptaci\u00f3 i consentiment<\/h2>\n<div>Com a Usuari del lloc web declara haver estat informat de les condicions sobre protecci\u00f3 de dades de car\u00e0cter personal, accepta i consent el tractament dels mateixos per part de Senetrural en la forma i per a les finalitats indicades en aquesta Pol\u00edtica de Privadesa.<\/div>\n<div><\/div>\n<h2>Revocabilitat<\/h2>\n<div>Per exercitar els vostres drets d&#8217;acc\u00e9s, rectificaci\u00f3, cancel\u00b7laci\u00f3, portabilitat i oposici\u00f3 heu d&#8217;enviar un correu electr\u00f2nic a <a href=\"mailto:info@senetrural.com\" target=\"_blank\" rel=\"noopener\">info@senetrural.com <\/a>juntament amb la prova v\u00e0lida en dret com una fotoc\u00f2pia del D.N.I. o equivalent.<br \/>\nL&#8217;exercici d&#8217;aquests drets no inclou cap dada que Senetrural estigui obligada a conservar amb finalitats administratives, legals o de seguretat.<\/div>\n<div><\/div>\n<h2>Canvis a la Pol\u00edtica de Privadesa<\/h2>\n<div>\n<p>El Titular es reserva el dret a modificar aquesta Pol\u00edtica de Privadesa per adaptar-la a novetats legislatives o jurisprudencials, aix\u00ed com a pr\u00e0ctiques de la ind\u00fastria.<\/p>\n<p>Aquestes pol\u00edtiques estaran vigents fins que siguin modificades per altres degudament publicades.<\/p>\n<\/div>","protected":false},"excerpt":{"rendered":"<p>Senetrural us informa sobre la vostra Pol\u00edtica de Privadesa respecte del tractament i protecci\u00f3 de les dades de car\u00e0cter personal dels usuaris i clients que puguin ser demanats per la navegaci\u00f3 o contractaci\u00f3 de serveis a trav\u00e9s del lloc web\u00a0https:\/\/senetrural.com. [&hellip;]<\/p>\n","protected":false},"author":1,"featured_media":0,"parent":0,"menu_order":0,"comment_status":"closed","ping_status":"open","template":"","meta":{"footnotes":""},"class_list":["post-4960","page","type-page","status-publish","hentry"],"_links":{"self":[{"href":"https:\/\/senetrural.com\/ca\/wp-json\/wp\/v2\/pages\/4960","targetHints":{"allow":["GET"]}}],"collection":[{"href":"https:\/\/senetrural.com\/ca\/wp-json\/wp\/v2\/pages"}],"about":[{"href":"https:\/\/senetrural.com\/ca\/wp-json\/wp\/v2\/types\/page"}],"author":[{"embeddable":true,"href":"https:\/\/senetrural.com\/ca\/wp-json\/wp\/v2\/users\/1"}],"replies":[{"embeddable":true,"href":"https:\/\/senetrural.com\/ca\/wp-json\/wp\/v2\/comments?post=4960"}],"version-history":[{"count":4,"href":"https:\/\/senetrural.com\/ca\/wp-json\/wp\/v2\/pages\/4960\/revisions"}],"predecessor-version":[{"id":4964,"href":"https:\/\/senetrural.com\/ca\/wp-json\/wp\/v2\/pages\/4960\/revisions\/4964"}],"wp:attachment":[{"href":"https:\/\/senetrural.com\/ca\/wp-json\/wp\/v2\/media?parent=4960"}],"curies":[{"name":"wp","href":"https:\/\/api.w.org\/{rel}","templated":true}]}}