
{"id":3160,"date":"2021-12-20T15:19:10","date_gmt":"2021-12-20T13:19:10","guid":{"rendered":"https:\/\/senetrural.com\/?page_id=3160"},"modified":"2025-08-11T10:43:56","modified_gmt":"2025-08-11T09:43:56","slug":"fiestas-y-tradiciones-senet","status":"publish","type":"page","link":"https:\/\/senetrural.com\/en\/fiestas-y-tradiciones-senet\/","title":{"rendered":"Festivals and traditions"},"content":{"rendered":"<h2>\n<h1 data-elementor-setting-key=\"title\" data-pen-placeholder=\"Escriviu aqu\u00ed...\" style=\"font-size: 36px;line-height: 1.1em\">Festivals and Traditions<\/h1>\n<\/h2>\n<p>Get to know all the culture, festivals and traditions around Senet Rural.\u00a0<\/p>\n<p>\t\t\t\t\t\t\t\t\t\t\t\t\t\t\t<img decoding=\"async\" width=\"600\" height=\"652\" data-src=\"http:\/\/senetrural.com\/wp-content\/uploads\/2021\/12\/Fallas-de-Castanesa-pirineo-600x652.jpg\" alt=\"\" data-srcset=\"https:\/\/senetrural.com\/wp-content\/uploads\/2021\/12\/Fallas-de-Castanesa-pirineo-600x652.jpg 600w, https:\/\/senetrural.com\/wp-content\/uploads\/2021\/12\/Fallas-de-Castanesa-pirineo-276x300.jpg 276w, https:\/\/senetrural.com\/wp-content\/uploads\/2021\/12\/Fallas-de-Castanesa-pirineo-440x478.jpg 440w, https:\/\/senetrural.com\/wp-content\/uploads\/2021\/12\/Fallas-de-Castanesa-pirineo.jpg 736w\" data-sizes=\"(max-width: 600px) 100vw, 600px\" src=\"data:image\/svg+xml;base64,PHN2ZyB3aWR0aD0iMSIgaGVpZ2h0PSIxIiB4bWxucz0iaHR0cDovL3d3dy53My5vcmcvMjAwMC9zdmciPjwvc3ZnPg==\" class=\"lazyload\" style=\"--smush-placeholder-width: 600px; --smush-placeholder-aspect-ratio: 600\/652;\" \/><br \/>\n\t\t\t\t\t<i>Image from: www.cimanorte.com<\/i>\t\t\t\t<\/p>\n<h3>Faults<\/h3>\n<p><font color=\"#000000\" face=\"Arial\">Unesco announced on 1 December 2015 the inclusion in this prestigious international list of the candidacy of the Midsummer Fire Festivities in the Pyrenees as Intangible Cultural Heritage of Humanity.<\/font><\/p>\n<p><font color=\"#000000\" face=\"Arial\">However, Alta Ribagor\u00e7a is the region with the most Fallas villages in Catalonia. Since ancient times, the descent of Fallas has been a deeply-rooted tradition in the villages of Alta Ribagor\u00e7a. The fallas are resinous trunks about two metres long, which are prepared a few days beforehand so that they are ready for the day of the descent. The descent of the fallas starts from a high place on the mountain, visible from the village, where there is a pine tree called \"faro\", where the fallas are lit before starting the descent.<\/font><br \/><font color=\"#000000\" face=\"Arial\"><br \/><\/font><font color=\"#000000\" face=\"Arial\">The descent from the mountain is made with a line of fire led by an older or responsible bachelor who guides the fallaires to the town square where they are welcomed with music and the sound of bells. With the fallas half consumed, a large bonfire is built and the fiesta begins.<\/font><br \/><font color=\"#000000\" face=\"Arial\"><br \/><\/font><font color=\"#000000\" face=\"Arial\">The Fire Roads, typical of each Fallas village, can be done all year round and their low difficulty makes them suitable for any kind of public.<\/font><br \/><font color=\"#000000\" face=\"Arial\"><br \/><\/font><font color=\"#000000\" face=\"Arial\">They start in the village itself and climb up to a high point on the mountain from where you can enjoy magnificent views.<\/font><\/p>\n<p>\t\t\t\t\t<a href=\"http:\/\/www.turismealtaribagorca.cat\/sites\/default\/files\/camins_de_foc-castella_0.pdf\" target=\"_blank\"><br \/>\n\t\t\t\t\t\t\t\t\tFurther information<br \/>\n\t\t\t\t\t<\/a><br \/>\n\t\t\t\t\t\t\t\t\t\t\t\t\t\t\t<img decoding=\"async\" width=\"600\" height=\"329\" data-src=\"http:\/\/senetrural.com\/wp-content\/uploads\/2021\/12\/feria-ganadera-barruera-600x329.jpg\" alt=\"\" data-srcset=\"https:\/\/senetrural.com\/wp-content\/uploads\/2021\/12\/feria-ganadera-barruera-600x329.jpg 600w, https:\/\/senetrural.com\/wp-content\/uploads\/2021\/12\/feria-ganadera-barruera-300x165.jpg 300w, https:\/\/senetrural.com\/wp-content\/uploads\/2021\/12\/feria-ganadera-barruera-768x421.jpg 768w, https:\/\/senetrural.com\/wp-content\/uploads\/2021\/12\/feria-ganadera-barruera-440x241.jpg 440w, https:\/\/senetrural.com\/wp-content\/uploads\/2021\/12\/feria-ganadera-barruera.jpg 800w\" data-sizes=\"(max-width: 600px) 100vw, 600px\" src=\"data:image\/svg+xml;base64,PHN2ZyB3aWR0aD0iMSIgaGVpZ2h0PSIxIiB4bWxucz0iaHR0cDovL3d3dy53My5vcmcvMjAwMC9zdmciPjwvc3ZnPg==\" class=\"lazyload\" style=\"--smush-placeholder-width: 600px; --smush-placeholder-aspect-ratio: 600\/329;\" \/><br \/>\n\t\t\t\t\t<i>Image by: <\/i><i>www.femturisme.cat<\/i>\t\t\t\t<\/p>\n<h3>Barruera's fair<\/h3>\n<p><font color=\"#000000\" face=\"Arial\">Craft and food fair where there is also an exhibition and sale of livestock.<\/font><\/p>\n<p><font color=\"#000000\" face=\"Arial\"> <b>Location :<\/b> Barruera, in Passeig de Sant Feliu and old quarter<\/font><\/p>\n<p><font color=\"#000000\" face=\"Arial\"><b> Dates:<\/b>  Last Sunday in September.  26 September 2021<\/font><\/p>\n<p>\t\t\t\t\t<a href=\"https:\/\/www.femturisme.cat\/es\/agenda\/feria-de-barruera-en-la-valle-de-boi\" target=\"_blank\"><br \/>\n\t\t\t\t\t\t\t\t\tFurther information<br \/>\n\t\t\t\t\t<\/a><br \/>\n\t\t\t\t\t\t\t\t\t\t\t\t\t\t\t<img decoding=\"async\" width=\"600\" height=\"329\" data-src=\"http:\/\/senetrural.com\/wp-content\/uploads\/2021\/12\/fira-de-la-girella-600x329.jpg\" alt=\"\" data-srcset=\"https:\/\/senetrural.com\/wp-content\/uploads\/2021\/12\/fira-de-la-girella-600x329.jpg 600w, https:\/\/senetrural.com\/wp-content\/uploads\/2021\/12\/fira-de-la-girella-300x165.jpg 300w, https:\/\/senetrural.com\/wp-content\/uploads\/2021\/12\/fira-de-la-girella-768x421.jpg 768w, https:\/\/senetrural.com\/wp-content\/uploads\/2021\/12\/fira-de-la-girella-440x241.jpg 440w, https:\/\/senetrural.com\/wp-content\/uploads\/2021\/12\/fira-de-la-girella.jpg 800w\" data-sizes=\"(max-width: 600px) 100vw, 600px\" src=\"data:image\/svg+xml;base64,PHN2ZyB3aWR0aD0iMSIgaGVpZ2h0PSIxIiB4bWxucz0iaHR0cDovL3d3dy53My5vcmcvMjAwMC9zdmciPjwvc3ZnPg==\" class=\"lazyload\" style=\"--smush-placeholder-width: 600px; --smush-placeholder-aspect-ratio: 600\/329;\" \/><br \/>\n\t\t\t\t\t<i>Image by: <\/i><i>www.turismeacatalunya.cat<\/i>\t\t\t\t<\/p>\n<h3>Girella Fair<\/h3>\n<p><p dir=\"ltr\" style=\"line-height:1.7999999999999998;text-align: justify;margin-top:0pt;margin-bottom:2pt\">An exhibition fair of ancestral trades and traditions of the region, as well as current trade and tourism. Preparation and tasting of girella in the Pla\u00e7a del Mercadal.\n<\/p>\n<p><b>Location:<\/b>  El Pont de Suert, Pla\u00e7a del Mercadal, C\/ Camp de la Vila and old quarter<\/p>\n<p dir=\"ltr\" style=\"line-height:1.7999999999999998;text-align: justify;margin-top:0pt;margin-bottom:8pt\"><b>Dates :<\/b>  End of October (depending on the year)<\/p>\n<\/p>\n<p>\t\t\t\t\t<a href=\"https:\/\/turismeacatalunya.cat\/agenda\/20a-edicio-de-la-fira-de-la-girella-del-pont-de-suert\/\" target=\"_blank\"><br \/>\n\t\t\t\t\t\t\t\t\tFurther information<br \/>\n\t\t\t\t\t<\/a><br \/>\n\t\t\t\t\t\t\t\t\t\t\t\t\t\t\t<img decoding=\"async\" width=\"600\" height=\"329\" data-src=\"http:\/\/senetrural.com\/wp-content\/uploads\/2021\/12\/fira-tots-sants-vilaller-600x329.jpg\" alt=\"\" data-srcset=\"https:\/\/senetrural.com\/wp-content\/uploads\/2021\/12\/fira-tots-sants-vilaller-600x329.jpg 600w, https:\/\/senetrural.com\/wp-content\/uploads\/2021\/12\/fira-tots-sants-vilaller-300x165.jpg 300w, https:\/\/senetrural.com\/wp-content\/uploads\/2021\/12\/fira-tots-sants-vilaller-768x421.jpg 768w, https:\/\/senetrural.com\/wp-content\/uploads\/2021\/12\/fira-tots-sants-vilaller-440x241.jpg 440w, https:\/\/senetrural.com\/wp-content\/uploads\/2021\/12\/fira-tots-sants-vilaller.jpg 800w\" data-sizes=\"(max-width: 600px) 100vw, 600px\" src=\"data:image\/svg+xml;base64,PHN2ZyB3aWR0aD0iMSIgaGVpZ2h0PSIxIiB4bWxucz0iaHR0cDovL3d3dy53My5vcmcvMjAwMC9zdmciPjwvc3ZnPg==\" class=\"lazyload\" style=\"--smush-placeholder-width: 600px; --smush-placeholder-aspect-ratio: 600\/329;\" \/><br \/>\n\t\t\t\t\t<i>Image by: <\/i><i>www.ajuntamentdevilaller.cat<\/i>\t\t\t\t<\/p>\n<h3>Tots Sants Fair<\/h3>\n<p><p dir=\"ltr\" style=\"line-height:1.7999999999999998;text-align: justify;margin-top:0pt;margin-bottom:8pt\">Old traditional livestock fair in which the exhibition of animals and the Bruna del Pirineo cow competition are held.<\/p>\n<p><\/p>\n<p dir=\"ltr\" style=\"line-height:1.7999999999999998;text-align: justify;margin-top:0pt;margin-bottom:8pt\"><b> Location:<\/b>  Vilaller, Firal de Massaneres and surroundings <\/p>\n<p dir=\"ltr\" style=\"line-height:1.7999999999999998;text-align: justify;margin-top:0pt;margin-bottom:8pt\"><b>Dates:<\/b>  2 November <\/p>\n<\/p>\n<p>\t\t\t\t\t<a href=\"https:\/\/turismeacatalunya.cat\/agenda\/20a-edicio-de-la-fira-de-la-girella-del-pont-de-suert\/\" target=\"_blank\"><br \/>\n\t\t\t\t\t\t\t\t\tFurther information<br \/>\n\t\t\t\t\t<\/a><br \/>\n\t\t\t\t\t\t\t\t\t\t\t\t\t\t\t<img decoding=\"async\" width=\"600\" height=\"329\" data-src=\"http:\/\/senetrural.com\/wp-content\/uploads\/2021\/12\/Baile-Pla-Sant-Isidre-Pilat-600x329.jpg\" alt=\"\" data-srcset=\"https:\/\/senetrural.com\/wp-content\/uploads\/2021\/12\/Baile-Pla-Sant-Isidre-Pilat-600x329.jpg 600w, https:\/\/senetrural.com\/wp-content\/uploads\/2021\/12\/Baile-Pla-Sant-Isidre-Pilat-300x165.jpg 300w, https:\/\/senetrural.com\/wp-content\/uploads\/2021\/12\/Baile-Pla-Sant-Isidre-Pilat-768x421.jpg 768w, https:\/\/senetrural.com\/wp-content\/uploads\/2021\/12\/Baile-Pla-Sant-Isidre-Pilat-440x241.jpg 440w, https:\/\/senetrural.com\/wp-content\/uploads\/2021\/12\/Baile-Pla-Sant-Isidre-Pilat.jpg 800w\" data-sizes=\"(max-width: 600px) 100vw, 600px\" src=\"data:image\/svg+xml;base64,PHN2ZyB3aWR0aD0iMSIgaGVpZ2h0PSIxIiB4bWxucz0iaHR0cDovL3d3dy53My5vcmcvMjAwMC9zdmciPjwvc3ZnPg==\" class=\"lazyload\" style=\"--smush-placeholder-width: 600px; --smush-placeholder-aspect-ratio: 600\/329;\" \/><br \/>\n\t\t\t\t\t<i>Image by: <\/i><i>www.<\/i><i>turismealtartaribagorca.cat\/<\/i>\t\t\t\t<\/p>\n<h3>Ball Pla, Ball de Sant Isidre and La Pila<\/h3>\n<p><p dir=\"ltr\" style=\"line-height:0.;text-align: justify;margin-top:0pt;margin-bottom:0pt\">Ta\u00fcll celebrates the festival in honour of San Isidro, its patron saint, on the third Sunday in July. The Ball Pla is danced together with the Ball de Sant Isidre. This is followed by the pila, a human tower in which only men take part and which is characterised by a kind of human tower, with the particularity that the person who crowns the tower does so upside down.<\/p>\n<\/p>\n<p><\/p>\n<p dir=\"ltr\" style=\"line-height:0;text-align: justify;margin-top:0pt;margin-bottom:8pt\"> <b>Location:<\/b>  Ta\u00fcll <\/p>\n<p dir=\"ltr\" style=\"line-height:0;text-align: justify;margin-top:0pt;margin-bottom:8pt\"><b>Dates: <\/b> third Sunday in July <\/p>\n<\/p>\n<p>\t\t\t\t\t<a href=\"http:\/\/www.turismealtaribagorca.cat\/es\/agenda\/ball-pla-sant-isidre-y-la-pila-taull\" target=\"_blank\"><br \/>\n\t\t\t\t\t\t\t\t\tMore Information<br \/>\n\t\t\t\t\t<\/a><br \/>\n\t\t\t\t\t\t\t\t\t\t\t\t\t\t\t<img decoding=\"async\" width=\"600\" height=\"329\" data-src=\"http:\/\/senetrural.com\/wp-content\/uploads\/2021\/12\/Ball-del-Tatero-Festa-Major-de-Vilaller-600x329.jpg\" alt=\"\" data-srcset=\"https:\/\/senetrural.com\/wp-content\/uploads\/2021\/12\/Ball-del-Tatero-Festa-Major-de-Vilaller-600x329.jpg 600w, https:\/\/senetrural.com\/wp-content\/uploads\/2021\/12\/Ball-del-Tatero-Festa-Major-de-Vilaller-300x165.jpg 300w, https:\/\/senetrural.com\/wp-content\/uploads\/2021\/12\/Ball-del-Tatero-Festa-Major-de-Vilaller-768x421.jpg 768w, https:\/\/senetrural.com\/wp-content\/uploads\/2021\/12\/Ball-del-Tatero-Festa-Major-de-Vilaller-440x241.jpg 440w, https:\/\/senetrural.com\/wp-content\/uploads\/2021\/12\/Ball-del-Tatero-Festa-Major-de-Vilaller.jpg 800w\" data-sizes=\"(max-width: 600px) 100vw, 600px\" src=\"data:image\/svg+xml;base64,PHN2ZyB3aWR0aD0iMSIgaGVpZ2h0PSIxIiB4bWxucz0iaHR0cDovL3d3dy53My5vcmcvMjAwMC9zdmciPjwvc3ZnPg==\" class=\"lazyload\" style=\"--smush-placeholder-width: 600px; --smush-placeholder-aspect-ratio: 600\/329;\" \/><br \/>\n\t\t\t\t\t<i>Image by: <\/i><i>www.<\/i><i>turismealtartaribagorca.cat\/<\/i>\t\t\t\t<\/p>\n<h3>Ball Tatero<\/h3>\n<p><p dir=\"ltr\" style=\"line-height:1.7999999999999998;text-align: justify;margin-top:0pt;margin-bottom:8pt\">Cada a\u00f1o, el 15 de agosto, Festa Major de Vilaller, se baila el \u00abTatero\u00bb, un baile constituido por quatro parejas de casados y solteros con indumentaria t\u00edpica del territorio.<\/p>\n<\/p>\n<p><\/p>\n<p dir=\"ltr\" style=\"line-height:0;text-align: justify;margin-top:0pt;margin-bottom:8pt\"> <b>Location:<\/b>  Vilaller <\/p>\n<p dir=\"ltr\" style=\"line-height:0;text-align: justify;margin-top:0pt;margin-bottom:8pt\"><b>Dates: <\/b> 15 August <\/p>\n<\/p>\n<p>\t\t\t\t\t<a href=\"http:\/\/www.turismealtaribagorca.cat\/es\/agenda\/ball-pla-sant-isidre-y-la-pila-taull\" target=\"_blank\"><br \/>\n\t\t\t\t\t\t\t\t\tFurther information<br \/>\n\t\t\t\t\t<\/a><\/p>\n<h3>Our flats<\/h3>\n<h2>Vallibierna<\/h2>\n<p>\t\t\t\t\t\t130\u20ac Por D\u00eda | 4 M\u00e1x Personas | 2 Habitaciones<br \/>\n\t\t\t\t\t\t\t\t\t\t\t\t<a href=\"https:\/\/senetrural.com\/en\/accommodation\/vallibierna\/\" ><br \/>\n\t\t\t\t\t\t\tVer m\u00e1s<br \/>\n\t\t\t\t\t\t<\/a><\/p>\n<h2>Aneto<\/h2>\n<p>\t\t\t\t\t\t100\u20ac Por D\u00eda | 2 M\u00e1x Personas | 1 Habitaciones<br \/>\n\t\t\t\t\t\t\t\t\t\t\t\t<a href=\"https:\/\/senetrural.com\/en\/accommodation\/aneto\/\" ><br \/>\n\t\t\t\t\t\t\tVer m\u00e1s<br \/>\n\t\t\t\t\t\t<\/a><\/p>\n<h2>Besiberri<\/h2>\n<p>\t\t\t\t\t\t125\u20ac Por D\u00eda | 4 M\u00e1x Personas | 2 Habitaciones<br \/>\n\t\t\t\t\t\t\t\t\t\t\t\t<a href=\"https:\/\/senetrural.com\/en\/accommodation\/besiberri\/\" ><br \/>\n\t\t\t\t\t\t\tVer m\u00e1s<br \/>\n\t\t\t\t\t\t<\/a><\/p>\n<h2>Mulleres<\/h2>\n<p>\t\t\t\t\t\t95\u20ac Por D\u00eda | 2 M\u00e1x Personas | 1 Habitaciones<br \/>\n\t\t\t\t\t\t\t\t\t\t\t\t<a href=\"https:\/\/senetrural.com\/en\/accommodation\/mulleres\/\" ><br \/>\n\t\t\t\t\t\t\tVer m\u00e1s<br \/>\n\t\t\t\t\t\t<\/a><\/p>\n<h2>Baserca<\/h2>\n<p>\t\t\t\t\t\t130\u20ac Por D\u00eda | 4 M\u00e1x Personas | 2 Habitaciones<br \/>\n\t\t\t\t\t\t\t\t\t\t\t\t<a href=\"https:\/\/senetrural.com\/en\/accommodation\/baserca\/\" ><br \/>\n\t\t\t\t\t\t\tVer m\u00e1s<br \/>\n\t\t\t\t\t\t<\/a><\/p>\n<h2>Montarto<\/h2>\n<p>\t\t\t\t\t\t85\u20ac Por D\u00eda | 2 M\u00e1x Personas | 1 Habitaciones<br \/>\n\t\t\t\t\t\t\t\t\t\t\t\t<a href=\"https:\/\/senetrural.com\/en\/accommodation\/baserca\/\" ><br \/>\n\t\t\t\t\t\t\tVer m\u00e1s<br \/>\n\t\t\t\t\t\t<\/a><\/p>","protected":false},"excerpt":{"rendered":"<p>Fiestas y Tradiciones Conoce toda la cultura, fiestas y tradiciones alrededor de Senet Rural.\u00a0 Imagen de: www.cimanorte.com Fallas La Unesco anunci\u00f3 el d\u00eda 1 de diciembre de 2015 la inclusi\u00f3n en esta prestigiosa lista internacional, de la candidatura de Las [&hellip;]<\/p>\n","protected":false},"author":1,"featured_media":0,"parent":0,"menu_order":0,"comment_status":"closed","ping_status":"closed","template":"","meta":{"footnotes":""},"class_list":["post-3160","page","type-page","status-publish","hentry"],"_links":{"self":[{"href":"https:\/\/senetrural.com\/en\/wp-json\/wp\/v2\/pages\/3160","targetHints":{"allow":["GET"]}}],"collection":[{"href":"https:\/\/senetrural.com\/en\/wp-json\/wp\/v2\/pages"}],"about":[{"href":"https:\/\/senetrural.com\/en\/wp-json\/wp\/v2\/types\/page"}],"author":[{"embeddable":true,"href":"https:\/\/senetrural.com\/en\/wp-json\/wp\/v2\/users\/1"}],"replies":[{"embeddable":true,"href":"https:\/\/senetrural.com\/en\/wp-json\/wp\/v2\/comments?post=3160"}],"version-history":[{"count":60,"href":"https:\/\/senetrural.com\/en\/wp-json\/wp\/v2\/pages\/3160\/revisions"}],"predecessor-version":[{"id":9602,"href":"https:\/\/senetrural.com\/en\/wp-json\/wp\/v2\/pages\/3160\/revisions\/9602"}],"wp:attachment":[{"href":"https:\/\/senetrural.com\/en\/wp-json\/wp\/v2\/media?parent=3160"}],"curies":[{"name":"wp","href":"https:\/\/api.w.org\/{rel}","templated":true}]}}