
{"id":3224,"date":"2022-01-05T18:04:34","date_gmt":"2022-01-05T16:04:34","guid":{"rendered":"https:\/\/senetrural.com\/?page_id=3224"},"modified":"2025-08-11T10:40:23","modified_gmt":"2025-08-11T09:40:23","slug":"turismo-rural-aneto","status":"publish","type":"page","link":"https:\/\/senetrural.com\/en\/turismo-rural-aneto\/","title":{"rendered":"Rural Tourism"},"content":{"rendered":"<h2>Rural Tourism<\/h2>\n<p>\t\t\t\t\t<a href=\"http:\/\/www.turismealtaribagorca.cat\/sites\/default\/files\/fulleto_del_conjunto_romanico_de_la_vall_de_boi_castellano.pdf\" target=\"_blank\"><br \/>\n\t\t\t\t\t\t\t\t\tExplore the Vall de Bo\u00ed<br \/>\n\t\t\t\t\t<\/a><br \/>\n\t\t\t\t\t\t\t\t\t\t\t\t\t\t\t<img decoding=\"async\" data-src=\"http:\/\/senetrural.com\/wp-content\/uploads\/elementor\/thumbs\/valle-de-boi-capillas-lerida-phseu0oruze962kdlkiou0imr5738pjpd32lu2w808.jpg\" title=\"valle-de-boi-capillas-lerida\" alt=\"foto de: www.sitiosdeespana.es\/que-ver-en-lerida\" src=\"data:image\/svg+xml;base64,PHN2ZyB3aWR0aD0iMSIgaGVpZ2h0PSIxIiB4bWxucz0iaHR0cDovL3d3dy53My5vcmcvMjAwMC9zdmciPjwvc3ZnPg==\" class=\"lazyload\" style=\"--smush-placeholder-width: 700px; --smush-placeholder-aspect-ratio: 700\/500;\" \/><br \/>\n\t\t\t\t\t<i>Image from: www.sitiosdeespana.es\/que-ver-en-lerida<\/i>\t\t\t\t<\/p>\n<h2>La Vall de Bo\u00ed<\/h2>\n<p><p dir=\"ltr\" style=\"line-height:2.1599999999999997;text-align: justify;margin-top:0pt;margin-bottom:0pt\">A unos 30&#8242; desde Senet, en coche, encontramos la Vall de Bo\u00ed, declarada Patrimonio Mundial por la UNESCO en 2000.<br \/>\nThe Centro Rom\u00e1nico del Valle is the entity in charge of the management of this Romanesque complex. The opening of the churches to the public, the guided tour service and visitor services are the main functions of the Centre.<br \/>\nThe churches open to the public are the following: San Clemente de Ta\u00fcll, Santa Maria de Ta\u00fcll, San Juan de Bo\u00ed, Santa Eul\u00e0lia de Erill el Valle, Sant Feliu de Barruera, Natividad de Durro and Santa Maria de Cardet.<br \/>\nWe recommend you check opening times at the Romanesque Centre of the Vall de Bo\u00ed.<\/p>\n<p dir=\"ltr\" style=\"line-height:2.1599999999999997;text-align: justify;margin-top:0pt;margin-bottom:0pt\">C\/ del Batall\u00f3n, 5<br \/>\n<font face=\"Arial\">Tel. 973 696 715<br \/>\n<\/font>www.centreromanic.com<br \/>\ninfo@centreromanic.com<\/p>\n<\/p>\n<p>\t\t\t\t\t<a href=\"https:\/\/vallboi.cat\/es\/entrada-per-aiguestortes\" target=\"_blank\"><br \/>\n\t\t\t\t\t\t\t\t\tExplora el Parc d&#8217;Aig\u00fcestortes<br \/>\n\t\t\t\t\t<\/a><br \/>\n\t\t\t\t\t\t\t\t\t\t\t\t\t\t\t<img decoding=\"async\" data-src=\"http:\/\/senetrural.com\/wp-content\/uploads\/2021\/12\/ruta_aiguestortes.jpg\" title=\"route_aig\u00fcestortes\" alt=\"ruta_aig\u00fcestortes\" src=\"data:image\/svg+xml;base64,PHN2ZyB3aWR0aD0iMSIgaGVpZ2h0PSIxIiB4bWxucz0iaHR0cDovL3d3dy53My5vcmcvMjAwMC9zdmciPjwvc3ZnPg==\" class=\"lazyload\" style=\"--smush-placeholder-width: 750px; --smush-placeholder-aspect-ratio: 750\/750;\" \/><br \/>\n\t\t\t\t\t<i>Image by: <\/i><i>www.joanvendrell.com<\/i>\t\t\t\t<\/p>\n<h2>Parc Nacional d&#8217;Aig\u00fcestortes i l&#8217;estany de Sant Maurici<\/h2>\n<p><p dir=\"ltr\" style=\"line-height:2.1599999999999997;text-align: justify;margin-top:0pt;margin-bottom:0pt\">A 30&#8242; del pueblo en coche llegamos al aparcamiento de La Fragua, desde el cual se puede subir hasta llegar al famoso Parque Nacional de Aig\u00fcestortes y Esta\u00f1o de San Mauricio.<br \/>\nCreated on 21 October 1955, it is one of the natural spaces included in the Spanish National Parks Network and the only one of this category in Catalonia.<br \/>\nWithin its surface area of almost 40,000 hectares, all the characteristic elements of the high mountains are well represented. Of this extension, 14,119 hectares correspond strictly to the National Park, which is divided into two very different sectors: Aig\u00fcestortes in Alta Ribagor\u00e7a, accessible from the Bo\u00ed Valley, and Sant Maurici in Pallars Sobir\u00e0, which has its entrance through the Espot Valley.<br \/>\nIf you would like more information about the Aig\u00fcestortes National Park or to find out about the different activities on offer, you can go to the Bo\u00ed Park House or the Senet Information Centre.<\/p>\n<p><\/p>\n<p dir=\"ltr\" style=\"line-height:2.1599999999999997;text-align: justify;margin-top:0pt;margin-bottom:0pt\">Information to:<br \/>\nNational Park House in Bo\u00ed<br \/>\nCan de Simamet- C\/ de les Graieres, 2 25528 Bo\u00ed<br \/>\nTel. 973 696 189<br \/>\nNational Park Information Centre \"La Serrer\u00eda\"-Senet<br \/>\nLa Serrer\u00eda &#8211; C\/ del Puerto, 10 25553 Senet<br \/>\nTel. 973 698 232<\/p>\n<\/p>\n<p>\t\t\t\t\t<a href=\"https:\/\/www.visitvaldaran.com\/\" target=\"_blank\"><br \/>\n\t\t\t\t\t\t\t\t\tExplora la Vall d&#8217;Aran<br \/>\n\t\t\t\t\t<\/a><br \/>\n\t\t\t\t\t\t\t\t\t\t\t\t\t\t\t<img decoding=\"async\" data-src=\"http:\/\/senetrural.com\/wp-content\/uploads\/elementor\/thumbs\/la-valle-de-aran-phsgrkqtlmkze2uirhjwa8ykhxgialq9qe0g9aphh4.jpg\" title=\"the aran valley\" alt=\"la valle de aran\" src=\"data:image\/svg+xml;base64,PHN2ZyB3aWR0aD0iMSIgaGVpZ2h0PSIxIiB4bWxucz0iaHR0cDovL3d3dy53My5vcmcvMjAwMC9zdmciPjwvc3ZnPg==\" class=\"lazyload\" style=\"--smush-placeholder-width: 700px; --smush-placeholder-aspect-ratio: 700\/300;\" \/><br \/>\n\t\t\t\t\t<i>Image by: <\/i><i>www.conselharan.org\/<\/i>\t\t\t\t<\/p>\n<h2>La Vall d&#8217;Aran <\/h2>\n<p><p dir=\"ltr\" style=\"line-height:2.1599999999999997;text-align: justify;margin-top:0pt;margin-bottom:0pt\">Visita por Vielha, la capital de la Vall d&#8217;Aran.<br \/>\nIn this village we find the Ice Palace, the Wool Museum and the Valley Museum. There is also the well-known and charming walk through Artiga de Lin; a very short and circular excursion that passes by the sources of the river Jo\u00e8u. Some charming villages in the valley to visit are Bossost, Salard\u00fa, Bagergue, Baus\u00e9n, Las and Arties.<\/p>\n<\/p>\n<p>\t\t\t\t\t<a href=\"https:\/\/www.benasque.com\/es\" target=\"_blank\"><br \/>\n\t\t\t\t\t\t\t\t\tExplore the Benasque Valley<br \/>\n\t\t\t\t\t<\/a><br \/>\n\t\t\t\t\t\t\t\t\t\t\t\t\t\t\t<img decoding=\"async\" data-src=\"http:\/\/senetrural.com\/wp-content\/uploads\/elementor\/thumbs\/Valle_Benasque_Macizo_Perdiguero-phsh26daod3ebrg6v2ifeknpod7j3ptaiuvl3mznaw.jpg\" title=\"Valle_Benasque_Perdiguero_Massif\" alt=\"Valle_Benasque_Macizo_Perdiguero\" src=\"data:image\/svg+xml;base64,PHN2ZyB3aWR0aD0iMSIgaGVpZ2h0PSIxIiB4bWxucz0iaHR0cDovL3d3dy53My5vcmcvMjAwMC9zdmciPjwvc3ZnPg==\" class=\"lazyload\" style=\"--smush-placeholder-width: 700px; --smush-placeholder-aspect-ratio: 700\/300;\" \/><br \/>\n\t\t\t\t\t<i>Image by: <\/i><i>www.portal.beroni.net\/\/<\/i>\t\t\t\t<\/p>\n<h2>The Benasque Valley<\/h2>\n<p><p dir=\"ltr\" style=\"line-height:2.1599999999999997;text-align: justify;margin-top:0pt;margin-bottom:0pt\">A little further away, one hour from the village of Senet, we find the Benasque Valley, located in the province of Hu\u00e9sca, Aragon. There you can visit villages of the Aragonese Pyrenees and you will also find many medium and high mountain excursions, and the ski slopes of Cerler.<\/p>\n<\/p>\n<h3>Our flats<\/h3>\n<h2>Vallibierna<\/h2>\n<p>\t\t\t\t\t\t130\u20ac Por D\u00eda | 4 M\u00e1x Personas | 2 Habitaciones<br \/>\n\t\t\t\t\t\t\t\t\t\t\t\t<a href=\"https:\/\/senetrural.com\/en\/accommodation\/vallibierna\/\" ><br \/>\n\t\t\t\t\t\t\tVer m\u00e1s<br \/>\n\t\t\t\t\t\t<\/a><\/p>\n<h2>Aneto<\/h2>\n<p>\t\t\t\t\t\t100\u20ac Por D\u00eda | 2 M\u00e1x Personas | 1 Habitaciones<br \/>\n\t\t\t\t\t\t\t\t\t\t\t\t<a href=\"https:\/\/senetrural.com\/en\/accommodation\/aneto\/\" ><br \/>\n\t\t\t\t\t\t\tVer m\u00e1s<br \/>\n\t\t\t\t\t\t<\/a><\/p>\n<h2>Besiberri<\/h2>\n<p>\t\t\t\t\t\t125\u20ac Por D\u00eda | 4 M\u00e1x Personas | 2 Habitaciones<br \/>\n\t\t\t\t\t\t\t\t\t\t\t\t<a href=\"https:\/\/senetrural.com\/en\/accommodation\/besiberri\/\" ><br \/>\n\t\t\t\t\t\t\tVer m\u00e1s<br \/>\n\t\t\t\t\t\t<\/a><\/p>\n<h2>Mulleres<\/h2>\n<p>\t\t\t\t\t\t95\u20ac Por D\u00eda | 2 M\u00e1x Personas | 1 Habitaciones<br \/>\n\t\t\t\t\t\t\t\t\t\t\t\t<a href=\"https:\/\/senetrural.com\/en\/accommodation\/mulleres\/\" ><br \/>\n\t\t\t\t\t\t\tVer m\u00e1s<br \/>\n\t\t\t\t\t\t<\/a><\/p>\n<h2>Baserca<\/h2>\n<p>\t\t\t\t\t\t130\u20ac Por D\u00eda | 4 M\u00e1x Personas | 2 Habitaciones<br \/>\n\t\t\t\t\t\t\t\t\t\t\t\t<a href=\"https:\/\/senetrural.com\/en\/accommodation\/baserca\/\" ><br \/>\n\t\t\t\t\t\t\tVer m\u00e1s<br \/>\n\t\t\t\t\t\t<\/a><\/p>\n<h2>Montarto<\/h2>\n<p>\t\t\t\t\t\t85\u20ac Por D\u00eda | 2 M\u00e1x Personas | 1 Habitaciones<br \/>\n\t\t\t\t\t\t\t\t\t\t\t\t<a href=\"https:\/\/senetrural.com\/en\/accommodation\/baserca\/\" ><br \/>\n\t\t\t\t\t\t\tVer m\u00e1s<br \/>\n\t\t\t\t\t\t<\/a><\/p>","protected":false},"excerpt":{"rendered":"<p>Turismo Rural Explora la Vall de Bo\u00ed Imagen de: www.sitiosdeespana.es\/que-ver-en-lerida La Vall de Bo\u00ed A unos 30&#8242; desde Senet, en coche, encontramos la Vall de Bo\u00ed, declarada Patrimonio Mundial por la UNESCO en 2000. El Centro Rom\u00e1nico del Valle es [&hellip;]<\/p>\n","protected":false},"author":1,"featured_media":0,"parent":0,"menu_order":0,"comment_status":"closed","ping_status":"closed","template":"","meta":{"footnotes":""},"class_list":["post-3224","page","type-page","status-publish","hentry"],"_links":{"self":[{"href":"https:\/\/senetrural.com\/en\/wp-json\/wp\/v2\/pages\/3224","targetHints":{"allow":["GET"]}}],"collection":[{"href":"https:\/\/senetrural.com\/en\/wp-json\/wp\/v2\/pages"}],"about":[{"href":"https:\/\/senetrural.com\/en\/wp-json\/wp\/v2\/types\/page"}],"author":[{"embeddable":true,"href":"https:\/\/senetrural.com\/en\/wp-json\/wp\/v2\/users\/1"}],"replies":[{"embeddable":true,"href":"https:\/\/senetrural.com\/en\/wp-json\/wp\/v2\/comments?post=3224"}],"version-history":[{"count":65,"href":"https:\/\/senetrural.com\/en\/wp-json\/wp\/v2\/pages\/3224\/revisions"}],"predecessor-version":[{"id":9594,"href":"https:\/\/senetrural.com\/en\/wp-json\/wp\/v2\/pages\/3224\/revisions\/9594"}],"wp:attachment":[{"href":"https:\/\/senetrural.com\/en\/wp-json\/wp\/v2\/media?parent=3224"}],"curies":[{"name":"wp","href":"https:\/\/api.w.org\/{rel}","templated":true}]}}