
{"id":4140,"date":"2022-07-04T10:30:40","date_gmt":"2022-07-04T08:30:40","guid":{"rendered":"https:\/\/senetrural.com\/?page_id=4140"},"modified":"2022-07-04T10:32:53","modified_gmt":"2022-07-04T08:32:53","slug":"politica-de-cookies","status":"publish","type":"page","link":"https:\/\/senetrural.com\/en\/politica-de-cookies\/","title":{"rendered":"Cookies policy"},"content":{"rendered":"<div>In compliance with the provisions of Article 22.2 of Law 34\/2002, of 11 July, on Information Society Services and Electronic Commerce, the Owner informs you that this website uses cookies, as well as its policy on the collection and processing of cookies.<\/div>\n<div><\/div>\n<h2>What are cookies<\/h2>\n<div>A cookie is a file that is downloaded to your computer when you visit certain websites. Cookies allow a website, among other things, to store and retrieve information about your browsing habits and - depending on the information they contain and the way you use your computer - can be used to identify you.<\/div>\n<div><\/div>\n<h2>Types of cookies used<\/h2>\n<div>The website\u00a0<a href=\"https:\/\/abellerolrural.com\/\" target=\"_blank\" rel=\"noopener\" data-saferedirecturl=\"https:\/\/www.google.com\/url?q=https:\/\/abellerolrural.com\/&amp;source=gmail&amp;ust=1657005590882000&amp;usg=AOvVaw0vLLnO9BijnM5TMwPE6KL5\">https:\/\/senetrural.com<\/a>\u00a0<wbr \/>uses the following types of cookies:<\/div>\n<div><\/div>\n<ul>\n<li><strong>Analysis cookies:<\/strong>\u00a0They are those that, either processed by the website or by third parties, allow us to quantify the number of users and thus carry out the measurement and statistical analysis of the use made by users of the website. To do this, the browsing you do on this website is analysed in order to improve it.<\/li>\n<li><strong>Technical cookies:<\/strong>\u00a0These are those processed by the website that allow registered users to navigate through the restricted area and to use its different functions, such as, for example, to carry out the purchase process of a Product or Service.<br \/>\nSome cookies are essential for the operation of the website, for example, the commenting system or the search engine.<\/li>\n<li><strong>Personalisation cookies:<\/strong>\u00a0These are those that allow users to access the Service with some predefined general characteristics according to a series of criteria established by the user, such as, for example, the language or the type of browser through which the user connects to this website.<\/li>\n<\/ul>\n<h2>Disabling cookies<\/h2>\n<div>You can accept, block or delete the cookies installed on your computer by configuring your browser options.<\/div>\n<div><\/div>\n<div>The following links provide instructions on how to enable or disable cookies in the most common browsers.<\/div>\n<div><\/div>\n<ul>\n<li><strong>Firefox<\/strong>\u00a0<a href=\"http:\/\/support.mozilla.org\/es\/kb\/habilitar-y-deshabilitar-cookies-que-los-sitios-we\" target=\"_blank\" rel=\"noopener\" data-saferedirecturl=\"https:\/\/www.google.com\/url?q=http:\/\/support.mozilla.org\/es\/kb\/habilitar-y-deshabilitar-cookies-que-los-sitios-we&amp;source=gmail&amp;ust=1657005590882000&amp;usg=AOvVaw2UTgiASxt6u0rFEo8Cf3oS\">http:\/\/support.<wbr \/>mozilla.org\/kb\/en\/en\/kb\/enable-y-<wbr \/>disable-cookies-that-them-<wbr \/>sites-we<\/a><\/li>\n<li><strong>Safari<\/strong>\u00a0<a href=\"http:\/\/support.apple.com\/kb\/HT1677?viewlocale=es_ES\" target=\"_blank\" rel=\"noopener\" data-saferedirecturl=\"https:\/\/www.google.com\/url?q=http:\/\/support.apple.com\/kb\/HT1677?viewlocale%3Des_ES&amp;source=gmail&amp;ust=1657005590882000&amp;usg=AOvVaw199LD-dvNUbDmiMOEQTjk3\">http:\/\/support.apple.<wbr \/>com\/kb\/HT1677?viewlocale=en_En_US<\/a><\/li>\n<li><strong>Google Chrome<\/strong>\u00a0<a href=\"https:\/\/support.google.com\/chrome\/answer\/95647?hl=es\" target=\"_blank\" rel=\"noopener\" data-saferedirecturl=\"https:\/\/www.google.com\/url?q=https:\/\/support.google.com\/chrome\/answer\/95647?hl%3Des&amp;source=gmail&amp;ust=1657005590882000&amp;usg=AOvVaw2rYtfJV5zp7r2XPqOmLMUX\">https:\/\/support.google.<wbr \/>com\/chrome\/answer\/95647?hl=en<\/a><\/li>\n<\/ul>\n<h2>Third party cookies<\/h2>\n<div>The website uses the services of Google Adsense and Google Analytics, which may install cookies used to obtain statistics and advertising data.<\/div>\n<div><\/div>\n<div>The website includes other functionalities provided by social networks that may install cookies. You can share the content on your social networks such as Facebook, Twitter, Google +, Instagram or YouTube with the buttons included for this purpose or with the social networks' own sharing tools.<\/div>\n<div><\/div>\n<h2>Warning about deleting cookies<\/h2>\n<div>You can delete and block cookies from this website, but part of the site will not function properly or its quality may be affected.<\/div>\n<div><\/div>\n<h2>Contact<\/h2>\n<div>If you have any questions about this Cookie Policy or would like to make any comments about this website, you can send an email to the following address\u00a0<a href=\"mailto:info@senetrural.com\" target=\"_blank\" rel=\"noopener\">info@senetrural.com<\/a>.<\/div>","protected":false},"excerpt":{"rendered":"<p>En cumplimiento con lo dispuesto en el art\u00edculo 22.2 de la Ley 34\/2002, de 11 de julio, de Servicios de la Sociedad de la Informaci\u00f3n y de Comercio Electr\u00f3nico, el Titular le informa que este sitio Web utiliza cookies, as\u00ed [&hellip;]<\/p>\n","protected":false},"author":1,"featured_media":0,"parent":0,"menu_order":0,"comment_status":"closed","ping_status":"closed","template":"","meta":{"footnotes":""},"class_list":["post-4140","page","type-page","status-publish","hentry"],"_links":{"self":[{"href":"https:\/\/senetrural.com\/en\/wp-json\/wp\/v2\/pages\/4140","targetHints":{"allow":["GET"]}}],"collection":[{"href":"https:\/\/senetrural.com\/en\/wp-json\/wp\/v2\/pages"}],"about":[{"href":"https:\/\/senetrural.com\/en\/wp-json\/wp\/v2\/types\/page"}],"author":[{"embeddable":true,"href":"https:\/\/senetrural.com\/en\/wp-json\/wp\/v2\/users\/1"}],"replies":[{"embeddable":true,"href":"https:\/\/senetrural.com\/en\/wp-json\/wp\/v2\/comments?post=4140"}],"version-history":[{"count":1,"href":"https:\/\/senetrural.com\/en\/wp-json\/wp\/v2\/pages\/4140\/revisions"}],"predecessor-version":[{"id":4141,"href":"https:\/\/senetrural.com\/en\/wp-json\/wp\/v2\/pages\/4140\/revisions\/4141"}],"wp:attachment":[{"href":"https:\/\/senetrural.com\/en\/wp-json\/wp\/v2\/media?parent=4140"}],"curies":[{"name":"wp","href":"https:\/\/api.w.org\/{rel}","templated":true}]}}