
{"id":4951,"date":"2022-08-09T11:47:21","date_gmt":"2022-08-09T09:47:21","guid":{"rendered":"https:\/\/senetrural.com\/?page_id=4951"},"modified":"2022-09-23T17:29:53","modified_gmt":"2022-09-23T15:29:53","slug":"avis-legal","status":"publish","type":"page","link":"https:\/\/senetrural.com\/en\/avis-legal\/","title":{"rendered":"Legal Notice"},"content":{"rendered":"<h2>Identification and Ownership<\/h2>\n<div>In compliance with article 10 of Law 34\/2002, of 11 July, on Information Society Services and Electronic Commerce, the Holder hereby discloses its identification data.<\/div>\n<div><\/div>\n<ul>\n<li><strong>Headline:<\/strong>\u00a0SenetRural (Andrea)<\/li>\n<li><strong>NIF:<\/strong>\u00a047981469F<\/li>\n<li><strong>Domicili:<\/strong>\u00a025553 - Senet, Lleida, - Spain.<\/li>\n<li><strong>Correu electr\u00f2nic:<\/strong>\u00a0<a href=\"mailto:info@senetrural.com\" target=\"_blank\" rel=\"noopener\">info@senetrural.<wbr \/>com<\/a><\/li>\n<li><strong>Lloc Web:<\/strong>\u00a0<a href=\"https:\/\/senetrural.com\/en\/\" target=\"_blank\" rel=\"noopener\" data-saferedirecturl=\"https:\/\/www.google.com\/url?q=https:\/\/senetrural.com&amp;source=gmail&amp;ust=1657005590882000&amp;usg=AOvVaw31bRxC84CrQBU60IY5h-cC\">https:\/\/senetrural.com<\/a><\/li>\n<\/ul>\n<h2>Finalitat<\/h2>\n<div>The purpose of the website <a href=\"https:\/\/senetrural.com\/en\/\" target=\"_blank\" rel=\"noopener\" data-saferedirecturl=\"https:\/\/www.google.com\/url?q=https:\/\/senetrural.com&amp;source=gmail&amp;ust=1657005590882000&amp;usg=AOvVaw31bRxC84CrQBU60IY5h-cC\">https:\/\/senetrural.com<\/a>\u00a0en Habitatges d'\u00das Tur\u00edstic<\/div>\n<div><\/div>\n<h2>Conditions of use<\/h2>\n<div>Use of the website confers the status of User, and implies full acceptance of all the terms and conditions of use included on the pages:<\/div>\n<div><\/div>\n<ul>\n<li><a href=\"http:\/\/www.senetrural.com\/ca\/avis-legal\" target=\"_blank\" rel=\"noopener\" data-saferedirecturl=\"https:\/\/www.google.com\/url?q=https:\/\/abellerolrural.com\/aviso-legal\/&amp;source=gmail&amp;ust=1657005590882000&amp;usg=AOvVaw3N50eP6UChs5Fsbkscvzam\">Legal Notice<\/a><\/li>\n<li><a href=\"https:\/\/senetrural.com\/ca\/politica-de-privacitat\" target=\"_blank\" rel=\"noopener\" data-saferedirecturl=\"https:\/\/www.google.com\/url?q=https:\/\/abellerolrural.com\/politica-de-privacidad\/&amp;source=gmail&amp;ust=1657005590882000&amp;usg=AOvVaw0DmqYx96XSnP6l3iVWhtNs\">Privacy Policy<\/a><\/li>\n<li><a href=\"https:\/\/senetrural.com\/ca\/politica-de-galetes\/\" target=\"_blank\" rel=\"noopener\" data-saferedirecturl=\"https:\/\/www.google.com\/url?q=https:\/\/abellerolrural.com\/politica-de-cookies\/&amp;source=gmail&amp;ust=1657005590882000&amp;usg=AOvVaw2B1N4fY_wak_L-qeAbi-O8\">Cookie Policy<\/a><\/li>\n<\/ul>\n<p>&nbsp;<\/p>\n<div>\n<p>If you do not agree with each and every one of these terms and conditions, please refrain from using this website.<\/p>\n<p>Access to this website does not in any way imply the initiation of a commercial relationship with Senetrural.<\/p>\n<p>Through this website, the Proprietor provides you with access to and use of various contents that the Proprietor or its collaborators have published on the Internet.<\/p>\n<p>To this effect, you are obliged and committed NOT to use any of the contents of the website for illicit purposes or effects, prohibited in this Legal Notice or by current legislation, harmful to the rights and interests of third parties, or which in any way could damage, render useless, overload, deteriorate or prevent the normal use of the contents, computer equipment or documents, archives or any other type of content we use, overload, deteriorate or impede the normal use of the contents, the computer equipment or the documents, files and all kind of contents stored in any computer equipment owned or contracted by Senetrural, of other users or of any user of Internet.<\/p>\n<p>The Holder reserves the right to remove any comments that violate current legislation, are harmful to the rights or interests of third parties, or that, in his opinion, are not appropriate for publication.<\/p>\n<p>Senetrural will not be responsible for the opinions expressed by users through the comment system, social networks or other means of participation, in accordance with the applicable regulations.<\/p>\n<\/div>\n<h2>Security measures<\/h2>\n<div>\n<p>The personal data provided to the Holder can be stored in automated databases or not, the ownership of which corresponds exclusively to Senetrural, which assumes all the technical, organisational and security measures that guarantee the confidentiality, integrity and quality of the information contained in these in accordance with what is established in the current legislation on data protection.<\/p>\n<p>However, you should be aware that the security measures of computer systems on the Internet are not entirely reliable and that, therefore, the Holder cannot guarantee the absence of viruses or other elements that may cause alterations to the User's computer systems (software and hardware) or to their electronic documents and files contained therein, although the Holder makes all the necessary means available and takes the appropriate security measures to avoid the presence of these harmful elements.<\/p>\n<\/div>\n<h2>Personal data<\/h2>\n<div>You can consult all the information related to the processing of personal data collected by the Holder on the page of <a href=\"https:\/\/abellerolrural.com\/politica-de-privacidad\/\" target=\"_blank\" rel=\"noopener\" data-saferedirecturl=\"https:\/\/www.google.com\/url?q=https:\/\/abellerolrural.com\/politica-de-privacidad\/&amp;source=gmail&amp;ust=1657005590882000&amp;usg=AOvVaw0DmqYx96XSnP6l3iVWhtNs\">Privacy Policy<\/a>.<\/div>\n<div><\/div>\n<h2>Continguts<\/h2>\n<div>\n<p>The Holder has obtained the information, the multimedia content and the materials included in the web site from sources that he considers reliable, but, although he has taken all reasonable measures to ensure that the information contained is correct, the Holder does not guarantee that it is exact, complete or updated. Senetrural expressly declines any responsibility for error or omission in the information contained in the pages of this web site.<\/p>\n<p>It is forbidden to transmit or send through the website any illegal or illicit content, computer viruses, or messages that, in general, affect or violate the rights of the Holder or third parties.<\/p>\n<p>The contents of <a href=\"https:\/\/senetrural.com\/en\/\">https:\/\/senetrural.com<\/a> are for information purposes only and under no circumstances are they to be used or considered as an offer to sell, a solicitation of an offer to buy or a recommendation to carry out any other transaction, unless expressly stated.<\/p>\n<p>Senetrural reserves the right to modify, suspend, cancel or restrict the contents of <a href=\"https:\/\/senetrural.com\/en\/\">https:\/\/senetrural.com<\/a>The links or information obtained through the website, without the need for prior notice.<\/p>\n<p>Senetrural is not responsible for the damages and prejudices that could be derived from the use of the information of the web site or of the content of the social networks of the Holder.<\/p>\n<\/div>\n<div><\/div>\n<div>\n<h2>Cookies policy<\/h2>\n<div>On the page <a href=\"https:\/\/abellerolrural.com\/politica-de-cookies\/\" target=\"_blank\" rel=\"noopener\" data-saferedirecturl=\"https:\/\/www.google.com\/url?q=https:\/\/abellerolrural.com\/politica-de-cookies\/&amp;source=gmail&amp;ust=1657005590882000&amp;usg=AOvVaw2B1N4fY_wak_L-qeAbi-O8\">Cookie Policy<\/a> you can consult all the information relating to the policy of collection and treatment of cookies.<\/div>\n<div><\/div>\n<h2>Links to other websites<\/h2>\n<div>\n<p>The Holder may provide access to third party websites by means of links for the sole purpose of informing you about the existence of other sources of information on the Internet where you can expand the data offered on the website.<\/p>\n<p>These links to other web sites are in no way a suggestion or recommendation to visit the destination web sites, which are beyond the control of the Holder, for which Senetrural is not responsible for the content of the linked web sites nor for the result you obtain by following the links.<\/p>\n<p>Likewise, Senetrural is not responsible for the links or links located on the linked websites to which it provides access.<\/p>\n<p>The establishment of the link does not imply in any case the existence of a relationship between Senetrural and the owner of the site where the link is established, nor the acceptance or approval by the Owner of its contents or services.<\/p>\n<p>If you access an external website from a link that you find at <a href=\"https:\/\/senetrural.com\/en\/\">https:\/\/senetrural.com<\/a>You should read the privacy policy of the other website, which may be different from this website.<\/p>\n<\/div>\n<div><\/div>\n<h2>Intellectual and industrial property<\/h2>\n<div>All rights reserved.<\/div>\n<div><\/div>\n<div>All access to this website is subject to the following conditions: the reproduction, permanent storage and diffusion of the contents or any other use for public or commercial purposes is expressly forbidden without the prior express written consent of Senetrural.<\/div>\n<div><\/div>\n<h2>Limitation of liability<\/h2>\n<div>\n<p>The information and services included or available through this website may include inaccuracies or typographical errors. From time to time the Holder incorporates improvements and\/or changes to the information contained and\/or to the services that may be introduced at any time.<\/p>\n<p>The Holder does not represent or warrant that the services or content will be uninterrupted or free of defects, that defects will be corrected, or that the service or the server that makes it available are free of viruses or other harmful components without prejudice to the fact that the Holder makes every effort to avoid such incidents.<\/p>\n<p>Senetrural declines any responsibility in case of interruptions or a bad functioning of the services or contents offered on the Internet, whatever the cause may be. Likewise, the Holder is not responsible for network crashes, business losses as a consequence of the aforementioned crashes, temporary suspensions of electric fluid or any other type of indirect damage that may be caused by causes alien to the Holder.<\/p>\n<p>Before taking decisions and\/or actions on the basis of the information included on the website, the Holder recommends that you check and contrast the information received with other sources.<\/p>\n<\/div>\n<h2>Right of exclusion<\/h2>\n<div>Senetrural reserves the right to deny or withdraw access to the website and the services offered without prior notice, at its own request or that of a third party, to those users who do not comply with any of the conditions of this Legal Notice.<\/div>\n<div><\/div>\n<h2>Jurisdiction<\/h2>\n<div>This Legal Notice is governed in its entirety by Spanish law.<\/div>\n<div><\/div>\n<h2>Contact<\/h2>\n<div>In case you have any doubts about these Legal Conditions or wish to make any comments about this website, you can send an e-mail to the following address <a href=\"mailto:info@senetrural.com\" target=\"_blank\" rel=\"noopener\">info@senetrural.com<\/a>.<\/div>\n<\/div>","protected":false},"excerpt":{"rendered":"<p>Identificaci\u00f3 i Titularitat En compliment de larticle 10 de la Llei 34\/2002, de 11 de juliol, de Serveis de la Societat de la Informaci\u00f3 i Comer\u00e7 Electr\u00f2nic, el Titular exposa les seves dades identificatives. Titular:\u00a0SenetRural (Andrea) NIF:\u00a047981469F Domicili:\u00a025553 &#8211; Senet, [&hellip;]<\/p>\n","protected":false},"author":1,"featured_media":0,"parent":0,"menu_order":0,"comment_status":"closed","ping_status":"closed","template":"","meta":{"footnotes":""},"class_list":["post-4951","page","type-page","status-publish","hentry"],"_links":{"self":[{"href":"https:\/\/senetrural.com\/en\/wp-json\/wp\/v2\/pages\/4951","targetHints":{"allow":["GET"]}}],"collection":[{"href":"https:\/\/senetrural.com\/en\/wp-json\/wp\/v2\/pages"}],"about":[{"href":"https:\/\/senetrural.com\/en\/wp-json\/wp\/v2\/types\/page"}],"author":[{"embeddable":true,"href":"https:\/\/senetrural.com\/en\/wp-json\/wp\/v2\/users\/1"}],"replies":[{"embeddable":true,"href":"https:\/\/senetrural.com\/en\/wp-json\/wp\/v2\/comments?post=4951"}],"version-history":[{"count":5,"href":"https:\/\/senetrural.com\/en\/wp-json\/wp\/v2\/pages\/4951\/revisions"}],"predecessor-version":[{"id":5174,"href":"https:\/\/senetrural.com\/en\/wp-json\/wp\/v2\/pages\/4951\/revisions\/5174"}],"wp:attachment":[{"href":"https:\/\/senetrural.com\/en\/wp-json\/wp\/v2\/media?parent=4951"}],"curies":[{"name":"wp","href":"https:\/\/api.w.org\/{rel}","templated":true}]}}