
{"id":4956,"date":"2022-08-09T12:11:31","date_gmt":"2022-08-09T10:11:31","guid":{"rendered":"https:\/\/senetrural.com\/?page_id=4956"},"modified":"2022-08-09T12:15:11","modified_gmt":"2022-08-09T10:15:11","slug":"politica-de-galetes","status":"publish","type":"page","link":"https:\/\/senetrural.com\/en\/politica-de-galetes\/","title":{"rendered":"Galetes Policy"},"content":{"rendered":"<div>In compliance with the provisions of Article 22.2 of Law 34\/2002, of 11 July, on Information Society Services and Electronic Commerce, the Owner informs you that this website uses cookies, as well as its collection policy and the treatment it makes of them.<\/div>\n<div><\/div>\n<h2>What are cookies?<\/h2>\n<div>A cookie is a file that is downloaded to your computer when you enter certain web pages. Cookies allow a website, among other things, to store and retrieve information about your browsing habits and - depending on the information they contain and the way you use your computer - can be used to identify you.<\/div>\n<div><\/div>\n<h2>Types of galleys used<\/h2>\n<div>To the Web site <a href=\"https:\/\/abellerolrural.com\/\" target=\"_blank\" rel=\"noopener\" data-saferedirecturl=\"https:\/\/www.google.com\/url?q=https:\/\/abellerolrural.com\/&amp;source=gmail&amp;ust=1657005590882000&amp;usg=AOvVaw0vLLnO9BijnM5TMwPE6KL5\">https:\/\/senetrural.com<\/a> uses the following types of cookies:<\/div>\n<div><\/div>\n<ul>\n<li><strong>Cookies d'an\u00e0lisi:<\/strong> These are those that, whether processed by the website or by third parties, allow us to quantify the number of users and thus carry out statistical measurement and analysis of the use made by users of the website. This is why we analyse the browsing you do on this website in order to improve it.<\/li>\n<li><strong>Technical cookies:<\/strong> These are those processed by the website that allow registered users to browse through the restricted area and use its different functions, such as, for example, carrying out the process of purchasing a Product or Service.<br \/>\nSome cookies are essential for the functioning of the website, for example, the comment system or the browser.<\/li>\n<li><strong>Cookies de personalitzaci\u00f3:<\/strong> They are those that allow users to access the Service with some predefined general characteristics according to a series of criteria established by the user, such as, for example, the language or the type of browser through which he\/she connects to this website.<\/li>\n<\/ul>\n<h2>Deactivate the galettes<\/h2>\n<div>\n<p>You can accept, block or delete the cookies installed on your computer by configuring your browser options.<\/p>\n<p>In the following links you will find instructions on how to enable or disable cookies in the most common browsers.<\/p>\n<\/div>\n<ul>\n<li><strong>Firefox<\/strong>\u00a0<a href=\"http:\/\/support.mozilla.org\/es\/kb\/habilitar-y-deshabilitar-cookies-que-los-sitios-we\" target=\"_blank\" rel=\"noopener\" data-saferedirecturl=\"https:\/\/www.google.com\/url?q=http:\/\/support.mozilla.org\/es\/kb\/habilitar-y-deshabilitar-cookies-que-los-sitios-we&amp;source=gmail&amp;ust=1657005590882000&amp;usg=AOvVaw2UTgiASxt6u0rFEo8Cf3oS\">http:\/\/support.<wbr \/>mozilla.org\/kb\/en\/en\/kb\/enable-y-<wbr \/>disable-cookies-that-them-<wbr \/>sites-we<\/a><\/li>\n<li><strong>Safari<\/strong>\u00a0<a href=\"http:\/\/support.apple.com\/kb\/HT1677?viewlocale=es_ES\" target=\"_blank\" rel=\"noopener\" data-saferedirecturl=\"https:\/\/www.google.com\/url?q=http:\/\/support.apple.com\/kb\/HT1677?viewlocale%3Des_ES&amp;source=gmail&amp;ust=1657005590882000&amp;usg=AOvVaw199LD-dvNUbDmiMOEQTjk3\">http:\/\/support.apple.<wbr \/>com\/kb\/HT1677?viewlocale=en_En_US<\/a><\/li>\n<li><strong>Google Chrome<\/strong>\u00a0<a href=\"https:\/\/support.google.com\/chrome\/answer\/95647?hl=es\" target=\"_blank\" rel=\"noopener\" data-saferedirecturl=\"https:\/\/www.google.com\/url?q=https:\/\/support.google.com\/chrome\/answer\/95647?hl%3Des&amp;source=gmail&amp;ust=1657005590882000&amp;usg=AOvVaw2rYtfJV5zp7r2XPqOmLMUX\">https:\/\/support.google.<wbr \/>com\/chrome\/answer\/95647?hl=en<\/a><\/li>\n<\/ul>\n<p>&nbsp;<\/p>\n<h2>Third-party galetes<\/h2>\n<div>\n<p>The website uses the services of Google Adsense and Google Analytics which can install cookies that are used to obtain statistics and advertising data.<\/p>\n<p>The website includes other functionalities provided by social networks that can install cookies. You can share the content on your social networks such as Facebook, Twitter, Google +, Instagram or YouTube with the buttons included for this purpose or with the sharing tools provided by the social networks.<\/p>\n<\/div>\n<div><\/div>\n<h2>Warning about removing galetes<\/h2>\n<div>You can remove and block the cookies from this website, but part of the site will not work properly or its quality may be affected.<\/div>\n<div><\/div>\n<h2>Contact<\/h2>\n<div>If you have any doubts about this Cookies Policy or wish to make any comments about this website, you can send an e-mail to the following address <a href=\"mailto:info@senetrural.com\" target=\"_blank\" rel=\"noopener\">info@senetrural.com<\/a>.<\/div>","protected":false},"excerpt":{"rendered":"<p>En compliment del que disposa l&#8217;article 22.2 de la Llei 34\/2002, d&#8217;11 de juliol, de Serveis de la Societat de la Informaci\u00f3 i de Comer\u00e7 Electr\u00f2nic, el Titular us informa que aquest lloc web utilitza cookies, aix\u00ed com sobre la [&hellip;]<\/p>\n","protected":false},"author":1,"featured_media":0,"parent":0,"menu_order":0,"comment_status":"closed","ping_status":"closed","template":"","meta":{"footnotes":""},"class_list":["post-4956","page","type-page","status-publish","hentry"],"_links":{"self":[{"href":"https:\/\/senetrural.com\/en\/wp-json\/wp\/v2\/pages\/4956","targetHints":{"allow":["GET"]}}],"collection":[{"href":"https:\/\/senetrural.com\/en\/wp-json\/wp\/v2\/pages"}],"about":[{"href":"https:\/\/senetrural.com\/en\/wp-json\/wp\/v2\/types\/page"}],"author":[{"embeddable":true,"href":"https:\/\/senetrural.com\/en\/wp-json\/wp\/v2\/users\/1"}],"replies":[{"embeddable":true,"href":"https:\/\/senetrural.com\/en\/wp-json\/wp\/v2\/comments?post=4956"}],"version-history":[{"count":3,"href":"https:\/\/senetrural.com\/en\/wp-json\/wp\/v2\/pages\/4956\/revisions"}],"predecessor-version":[{"id":4959,"href":"https:\/\/senetrural.com\/en\/wp-json\/wp\/v2\/pages\/4956\/revisions\/4959"}],"wp:attachment":[{"href":"https:\/\/senetrural.com\/en\/wp-json\/wp\/v2\/media?parent=4956"}],"curies":[{"name":"wp","href":"https:\/\/api.w.org\/{rel}","templated":true}]}}